{"id":2383,"date":"2024-02-07T21:45:47","date_gmt":"2024-02-07T21:45:47","guid":{"rendered":"https:\/\/staging.bjorkoarholma.se\/?page_id=2383"},"modified":"2024-02-29T19:04:26","modified_gmt":"2024-02-29T19:04:26","slug":"hembygdsgarden","status":"publish","type":"page","link":"https:\/\/staging.bjorkoarholma.se\/?page_id=2383","title":{"rendered":"Hembygdsg\u00e5rden"},"content":{"rendered":"\n<figure class=\"wp-block-image size-full\"><img fetchpriority=\"high\" decoding=\"async\" width=\"828\" height=\"565\" src=\"https:\/\/staging.bjorkoarholma.se\/wp-content\/uploads\/2024\/02\/Hembygdsgarden.jpg\" alt=\"\" class=\"wp-image-3019\" srcset=\"https:\/\/staging.bjorkoarholma.se\/wp-content\/uploads\/2024\/02\/Hembygdsgarden.jpg 828w, https:\/\/staging.bjorkoarholma.se\/wp-content\/uploads\/2024\/02\/Hembygdsgarden-300x205.jpg 300w, https:\/\/staging.bjorkoarholma.se\/wp-content\/uploads\/2024\/02\/Hembygdsgarden-768x524.jpg 768w, https:\/\/staging.bjorkoarholma.se\/wp-content\/uploads\/2024\/02\/Hembygdsgarden-640x437.jpg 640w\" sizes=\"(max-width: 828px) 100vw, 828px\" \/><\/figure>\n\n\n\n<p>Fastigheten som byggdes 1870 var vid den tiden k\u00e4nd som Per Andersg\u00e5rden efter \u00e4garen Per Andersson. Han och hustrun Anna-Brita bodde och verkade i detta hus under l\u00e5ng tid. Per gick bort 1921 medan Anna-Britta bodde kvar \u00e4nda till 1948. 1950 s\u00e5lde arvingarna g\u00e5rden till Bj\u00f6rk\u00f6 Arholma kommun f\u00f6r 25\u00a0000 kr. Tanken var att g\u00e5rden skulle bli hembygdsg\u00e5rd. Huset anv\u00e4ndes som hembygdsg\u00e5rd i Bj\u00f6rk\u00f6-Arholmas kommun fram till 1971 d\u00e5 kommunen gick in i Norrt\u00e4lje kommun. Under \u00e5ren har lokalen anv\u00e4nts som skolbespisning till \u00f6ns skola och l\u00e4genheter har hyrts ut till l\u00e4rare mfl. Men d\u00e5 skolan lades ned 2020 p\u00e5b\u00f6rjades planering f\u00f6r f\u00f6rs\u00e4ljning av g\u00e5rden p\u00e5 \u00f6ppna marknaden. Men n\u00e5gra \u00e5rs \u00a0energiskt arbete fr\u00e5n hembygdsf\u00f6reningen fick den 12:e juli 2022 k\u00f6pa fastigheten s\u00e5 den \u00e4ven i forts\u00e4ttningen kan gagna Bj\u00f6rk\u00f6s boende.<\/p>\n","protected":false},"excerpt":{"rendered":"<p>Fastigheten som byggdes 1870 var vid den tiden k\u00e4nd som Per Andersg\u00e5rden efter \u00e4garen Per Andersson. Han och hustrun Anna-Brita bodde och verkade i detta hus under l\u00e5ng tid. Per gick bort 1921 medan Anna-Britta bodde kvar \u00e4nda till 1948. 1950 s\u00e5lde arvingarna g\u00e5rden&#8230;<\/p>\n","protected":false},"author":5,"featured_media":0,"parent":0,"menu_order":0,"comment_status":"closed","ping_status":"closed","template":"","meta":{"_monsterinsights_skip_tracking":false,"_monsterinsights_sitenote_active":false,"_monsterinsights_sitenote_note":"","_monsterinsights_sitenote_category":0,"footnotes":""},"class_list":["post-2383","page","type-page","status-publish","hentry"],"aioseo_notices":[],"_links":{"self":[{"href":"https:\/\/staging.bjorkoarholma.se\/index.php?rest_route=\/wp\/v2\/pages\/2383","targetHints":{"allow":["GET"]}}],"collection":[{"href":"https:\/\/staging.bjorkoarholma.se\/index.php?rest_route=\/wp\/v2\/pages"}],"about":[{"href":"https:\/\/staging.bjorkoarholma.se\/index.php?rest_route=\/wp\/v2\/types\/page"}],"author":[{"embeddable":true,"href":"https:\/\/staging.bjorkoarholma.se\/index.php?rest_route=\/wp\/v2\/users\/5"}],"replies":[{"embeddable":true,"href":"https:\/\/staging.bjorkoarholma.se\/index.php?rest_route=%2Fwp%2Fv2%2Fcomments&post=2383"}],"version-history":[{"count":4,"href":"https:\/\/staging.bjorkoarholma.se\/index.php?rest_route=\/wp\/v2\/pages\/2383\/revisions"}],"predecessor-version":[{"id":3163,"href":"https:\/\/staging.bjorkoarholma.se\/index.php?rest_route=\/wp\/v2\/pages\/2383\/revisions\/3163"}],"wp:attachment":[{"href":"https:\/\/staging.bjorkoarholma.se\/index.php?rest_route=%2Fwp%2Fv2%2Fmedia&parent=2383"}],"curies":[{"name":"wp","href":"https:\/\/api.w.org\/{rel}","templated":true}]}}