{"id":2390,"date":"2024-02-08T09:02:25","date_gmt":"2024-02-08T09:02:25","guid":{"rendered":"https:\/\/staging.bjorkoarholma.se\/?page_id=2390"},"modified":"2024-03-05T10:04:46","modified_gmt":"2024-03-05T10:04:46","slug":"valkommen-till-bjorko-arholma-hembygdsforening","status":"publish","type":"page","link":"https:\/\/staging.bjorkoarholma.se\/","title":{"rendered":"V\u00e4lkommen till Bj\u00f6rk\u00f6-Arholma Hembygdsf\u00f6rening"},"content":{"rendered":"\n<h6 class=\"wp-block-heading\">P\u00e5\u2002denna hemsida hittar du information om Bj\u00f6rk\u00f6- Arholma Hembygdsf\u00f6rening och v\u00e5r vackra bygd. Vi hoppas du ska f\u00e5 trevlig l\u00e4sning och att \u00e4ven du vill bli medlem i v\u00e5r f\u00f6rening.<\/h6>\n\n\n\n<figure class=\"wp-block-gallery has-nested-images columns-default is-cropped wp-block-gallery-1 is-layout-flex wp-block-gallery-is-layout-flex\">\n<figure class=\"wp-block-image size-large\"><img fetchpriority=\"high\" decoding=\"async\" width=\"684\" height=\"1024\" data-id=\"3039\" src=\"https:\/\/staging.bjorkoarholma.se\/wp-content\/uploads\/2024\/02\/Orkide-1-684x1024.jpg\" alt=\"\" class=\"wp-image-3039\" srcset=\"https:\/\/staging.bjorkoarholma.se\/wp-content\/uploads\/2024\/02\/Orkide-1-684x1024.jpg 684w, https:\/\/staging.bjorkoarholma.se\/wp-content\/uploads\/2024\/02\/Orkide-1-200x300.jpg 200w, https:\/\/staging.bjorkoarholma.se\/wp-content\/uploads\/2024\/02\/Orkide-1-768x1151.jpg 768w, https:\/\/staging.bjorkoarholma.se\/wp-content\/uploads\/2024\/02\/Orkide-1-1025x1536.jpg 1025w, https:\/\/staging.bjorkoarholma.se\/wp-content\/uploads\/2024\/02\/Orkide-1-1367x2048.jpg 1367w, https:\/\/staging.bjorkoarholma.se\/wp-content\/uploads\/2024\/02\/Orkide-1-427x640.jpg 427w, https:\/\/staging.bjorkoarholma.se\/wp-content\/uploads\/2024\/02\/Orkide-1.jpg 1600w\" sizes=\"(max-width: 684px) 100vw, 684px\" \/><\/figure>\n\n\n\n<figure class=\"wp-block-image size-large\"><img decoding=\"async\" width=\"1024\" height=\"683\" data-id=\"2393\" src=\"https:\/\/staging.bjorkoarholma.se\/wp-content\/uploads\/2024\/02\/Borkokyrka-2-1024x683.jpg\" alt=\"\" class=\"wp-image-2393\" srcset=\"https:\/\/staging.bjorkoarholma.se\/wp-content\/uploads\/2024\/02\/Borkokyrka-2-1024x683.jpg 1024w, https:\/\/staging.bjorkoarholma.se\/wp-content\/uploads\/2024\/02\/Borkokyrka-2-300x200.jpg 300w, https:\/\/staging.bjorkoarholma.se\/wp-content\/uploads\/2024\/02\/Borkokyrka-2-768x512.jpg 768w, https:\/\/staging.bjorkoarholma.se\/wp-content\/uploads\/2024\/02\/Borkokyrka-2-1536x1024.jpg 1536w, https:\/\/staging.bjorkoarholma.se\/wp-content\/uploads\/2024\/02\/Borkokyrka-2-2048x1365.jpg 2048w, https:\/\/staging.bjorkoarholma.se\/wp-content\/uploads\/2024\/02\/Borkokyrka-2-1800x1200.jpg 1800w, https:\/\/staging.bjorkoarholma.se\/wp-content\/uploads\/2024\/02\/Borkokyrka-2-640x427.jpg 640w\" sizes=\"(max-width: 1024px) 100vw, 1024px\" \/><\/figure>\n\n\n\n<figure class=\"wp-block-image size-large\"><img decoding=\"async\" width=\"1024\" height=\"682\" data-id=\"2970\" src=\"https:\/\/staging.bjorkoarholma.se\/wp-content\/uploads\/2024\/02\/Historiska-bilder-4-1024x682.jpg\" alt=\"\" class=\"wp-image-2970\" srcset=\"https:\/\/staging.bjorkoarholma.se\/wp-content\/uploads\/2024\/02\/Historiska-bilder-4-1024x682.jpg 1024w, https:\/\/staging.bjorkoarholma.se\/wp-content\/uploads\/2024\/02\/Historiska-bilder-4-300x200.jpg 300w, https:\/\/staging.bjorkoarholma.se\/wp-content\/uploads\/2024\/02\/Historiska-bilder-4-768x511.jpg 768w, https:\/\/staging.bjorkoarholma.se\/wp-content\/uploads\/2024\/02\/Historiska-bilder-4-1536x1022.jpg 1536w, https:\/\/staging.bjorkoarholma.se\/wp-content\/uploads\/2024\/02\/Historiska-bilder-4-640x426.jpg 640w, https:\/\/staging.bjorkoarholma.se\/wp-content\/uploads\/2024\/02\/Historiska-bilder-4.jpg 1600w\" sizes=\"(max-width: 1024px) 100vw, 1024px\" \/><\/figure>\n\n\n\n<figure class=\"wp-block-image size-large\"><img loading=\"lazy\" decoding=\"async\" width=\"1024\" height=\"684\" data-id=\"2691\" src=\"https:\/\/staging.bjorkoarholma.se\/wp-content\/uploads\/2024\/02\/Bilder_bygden-40-1024x684.jpg\" alt=\"\" class=\"wp-image-2691\" srcset=\"https:\/\/staging.bjorkoarholma.se\/wp-content\/uploads\/2024\/02\/Bilder_bygden-40-1024x684.jpg 1024w, https:\/\/staging.bjorkoarholma.se\/wp-content\/uploads\/2024\/02\/Bilder_bygden-40-300x200.jpg 300w, https:\/\/staging.bjorkoarholma.se\/wp-content\/uploads\/2024\/02\/Bilder_bygden-40-768x513.jpg 768w, https:\/\/staging.bjorkoarholma.se\/wp-content\/uploads\/2024\/02\/Bilder_bygden-40-1536x1025.jpg 1536w, https:\/\/staging.bjorkoarholma.se\/wp-content\/uploads\/2024\/02\/Bilder_bygden-40-640x427.jpg 640w, https:\/\/staging.bjorkoarholma.se\/wp-content\/uploads\/2024\/02\/Bilder_bygden-40.jpg 1600w\" sizes=\"(max-width: 1024px) 100vw, 1024px\" \/><\/figure>\n<\/figure>\n","protected":false},"excerpt":{"rendered":"<p>P\u00e5\u2002denna hemsida hittar du information om Bj\u00f6rk\u00f6- Arholma Hembygdsf\u00f6rening och v\u00e5r vackra bygd. Vi hoppas du ska f\u00e5 trevlig l\u00e4sning och att \u00e4ven du vill bli medlem i v\u00e5r f\u00f6rening.<\/p>\n","protected":false},"author":5,"featured_media":0,"parent":0,"menu_order":0,"comment_status":"closed","ping_status":"closed","template":"","meta":{"_monsterinsights_skip_tracking":false,"_monsterinsights_sitenote_active":false,"_monsterinsights_sitenote_note":"","_monsterinsights_sitenote_category":0,"footnotes":""},"class_list":["post-2390","page","type-page","status-publish","hentry"],"aioseo_notices":[],"_links":{"self":[{"href":"https:\/\/staging.bjorkoarholma.se\/index.php?rest_route=\/wp\/v2\/pages\/2390","targetHints":{"allow":["GET"]}}],"collection":[{"href":"https:\/\/staging.bjorkoarholma.se\/index.php?rest_route=\/wp\/v2\/pages"}],"about":[{"href":"https:\/\/staging.bjorkoarholma.se\/index.php?rest_route=\/wp\/v2\/types\/page"}],"author":[{"embeddable":true,"href":"https:\/\/staging.bjorkoarholma.se\/index.php?rest_route=\/wp\/v2\/users\/5"}],"replies":[{"embeddable":true,"href":"https:\/\/staging.bjorkoarholma.se\/index.php?rest_route=%2Fwp%2Fv2%2Fcomments&post=2390"}],"version-history":[{"count":5,"href":"https:\/\/staging.bjorkoarholma.se\/index.php?rest_route=\/wp\/v2\/pages\/2390\/revisions"}],"predecessor-version":[{"id":3208,"href":"https:\/\/staging.bjorkoarholma.se\/index.php?rest_route=\/wp\/v2\/pages\/2390\/revisions\/3208"}],"wp:attachment":[{"href":"https:\/\/staging.bjorkoarholma.se\/index.php?rest_route=%2Fwp%2Fv2%2Fmedia&parent=2390"}],"curies":[{"name":"wp","href":"https:\/\/api.w.org\/{rel}","templated":true}]}}