{"id":2421,"date":"2024-02-08T11:06:09","date_gmt":"2024-02-08T11:06:09","guid":{"rendered":"https:\/\/staging.bjorkoarholma.se\/?page_id=2421"},"modified":"2024-02-25T22:11:57","modified_gmt":"2024-02-25T22:11:57","slug":"hyr-moteslokalen","status":"publish","type":"page","link":"https:\/\/staging.bjorkoarholma.se\/?page_id=2421","title":{"rendered":"Hyr m\u00f6teslokalen"},"content":{"rendered":"\n<p>I underv\u00e5ningen p\u00e5 hembygdsg\u00e5rden finns v\u00e5ra f\u00f6reningslokaler. Dessa hyr vi ut till intresserade.\u2002Nedan kan du se interi\u00f6rer fr\u00e5n rummen.<\/p>\n\n\n\n<figure class=\"wp-block-table\"><table><tbody><tr><td>Halvdag 1-3 timmar<\/td><td>500 Kr<\/td><\/tr><tr><td>Heldag <\/td><td>800 Kr<\/td><\/tr><\/tbody><\/table><figcaption class=\"wp-element-caption\">Medlem i hembygdsf\u00f6reningen 500 Kr\/ heldag.<\/figcaption><\/figure>\n\n\n\n<p> <\/p>\n\n\n\n<h6 class=\"wp-block-heading\"><strong>F\u00f6r ytterligare information\/ fr\u00e5gor\/ bokning: info@bjorkoarholma.se<\/strong><\/h6>\n\n\n\n<h4 class=\"wp-block-heading\">Salen<\/h4>\n\n\n\n<p class=\"has-medium-font-size\">Salen rymmer upp till ca 36 personer vid m\u00f6ten etc. Den \u00e4r utrustad med WiFi och det finns bl\u00e4dderblock och sk\u00e4rm f\u00f6r bildvisning.<\/p>\n\n\n\n<figure class=\"wp-block-gallery has-nested-images columns-default is-cropped wp-block-gallery-1 is-layout-flex wp-block-gallery-is-layout-flex\">\n<figure data-wp-context=\"{&quot;imageId&quot;:&quot;69e4e88dbb8ae&quot;}\" data-wp-interactive=\"core\/image\" data-wp-key=\"69e4e88dbb8ae\" class=\"wp-block-image size-large wp-lightbox-container\"><img fetchpriority=\"high\" decoding=\"async\" width=\"682\" height=\"1024\" data-wp-class--hide=\"state.isContentHidden\" data-wp-class--show=\"state.isContentVisible\" data-wp-init=\"callbacks.setButtonStyles\" data-wp-on--click=\"actions.showLightbox\" data-wp-on--load=\"callbacks.setButtonStyles\" data-wp-on-window--resize=\"callbacks.setButtonStyles\" data-id=\"2422\" src=\"https:\/\/staging.bjorkoarholma.se\/wp-content\/uploads\/2024\/02\/Lagenhet-41-682x1024.jpg\" alt=\"\" class=\"wp-image-2422\" srcset=\"https:\/\/staging.bjorkoarholma.se\/wp-content\/uploads\/2024\/02\/Lagenhet-41-682x1024.jpg 682w, https:\/\/staging.bjorkoarholma.se\/wp-content\/uploads\/2024\/02\/Lagenhet-41-200x300.jpg 200w, https:\/\/staging.bjorkoarholma.se\/wp-content\/uploads\/2024\/02\/Lagenhet-41-768x1152.jpg 768w, https:\/\/staging.bjorkoarholma.se\/wp-content\/uploads\/2024\/02\/Lagenhet-41-1024x1536.jpg 1024w, https:\/\/staging.bjorkoarholma.se\/wp-content\/uploads\/2024\/02\/Lagenhet-41-427x640.jpg 427w, https:\/\/staging.bjorkoarholma.se\/wp-content\/uploads\/2024\/02\/Lagenhet-41.jpg 1333w\" sizes=\"(max-width: 682px) 100vw, 682px\" \/><button\n\t\t\tclass=\"lightbox-trigger\"\n\t\t\ttype=\"button\"\n\t\t\taria-haspopup=\"dialog\"\n\t\t\taria-label=\"F\u00f6rstora\"\n\t\t\tdata-wp-init=\"callbacks.initTriggerButton\"\n\t\t\tdata-wp-on--click=\"actions.showLightbox\"\n\t\t\tdata-wp-style--right=\"state.imageButtonRight\"\n\t\t\tdata-wp-style--top=\"state.imageButtonTop\"\n\t\t>\n\t\t\t<svg xmlns=\"http:\/\/www.w3.org\/2000\/svg\" width=\"12\" height=\"12\" fill=\"none\" viewBox=\"0 0 12 12\">\n\t\t\t\t<path fill=\"#fff\" d=\"M2 0a2 2 0 0 0-2 2v2h1.5V2a.5.5 0 0 1 .5-.5h2V0H2Zm2 10.5H2a.5.5 0 0 1-.5-.5V8H0v2a2 2 0 0 0 2 2h2v-1.5ZM8 12v-1.5h2a.5.5 0 0 0 .5-.5V8H12v2a2 2 0 0 1-2 2H8Zm2-12a2 2 0 0 1 2 2v2h-1.5V2a.5.5 0 0 0-.5-.5H8V0h2Z\" \/>\n\t\t\t<\/svg>\n\t\t<\/button><figcaption class=\"wp-element-caption\">Entre till salen<\/figcaption><\/figure>\n\n\n\n<figure class=\"wp-block-image size-large\"><img decoding=\"async\" width=\"682\" height=\"1024\" data-id=\"2424\" src=\"https:\/\/staging.bjorkoarholma.se\/wp-content\/uploads\/2024\/02\/Lagenhet-40-682x1024.jpg\" alt=\"\" class=\"wp-image-2424\" srcset=\"https:\/\/staging.bjorkoarholma.se\/wp-content\/uploads\/2024\/02\/Lagenhet-40-682x1024.jpg 682w, https:\/\/staging.bjorkoarholma.se\/wp-content\/uploads\/2024\/02\/Lagenhet-40-200x300.jpg 200w, https:\/\/staging.bjorkoarholma.se\/wp-content\/uploads\/2024\/02\/Lagenhet-40-768x1152.jpg 768w, https:\/\/staging.bjorkoarholma.se\/wp-content\/uploads\/2024\/02\/Lagenhet-40-1024x1536.jpg 1024w, https:\/\/staging.bjorkoarholma.se\/wp-content\/uploads\/2024\/02\/Lagenhet-40-427x640.jpg 427w, https:\/\/staging.bjorkoarholma.se\/wp-content\/uploads\/2024\/02\/Lagenhet-40.jpg 1333w\" sizes=\"(max-width: 682px) 100vw, 682px\" \/><\/figure>\n\n\n\n<figure class=\"wp-block-image size-large\"><img decoding=\"async\" width=\"682\" height=\"1024\" data-id=\"2423\" src=\"https:\/\/staging.bjorkoarholma.se\/wp-content\/uploads\/2024\/02\/Lagenhet-30-682x1024.jpg\" alt=\"\" class=\"wp-image-2423\" srcset=\"https:\/\/staging.bjorkoarholma.se\/wp-content\/uploads\/2024\/02\/Lagenhet-30-682x1024.jpg 682w, https:\/\/staging.bjorkoarholma.se\/wp-content\/uploads\/2024\/02\/Lagenhet-30-200x300.jpg 200w, https:\/\/staging.bjorkoarholma.se\/wp-content\/uploads\/2024\/02\/Lagenhet-30-768x1152.jpg 768w, https:\/\/staging.bjorkoarholma.se\/wp-content\/uploads\/2024\/02\/Lagenhet-30-1024x1536.jpg 1024w, https:\/\/staging.bjorkoarholma.se\/wp-content\/uploads\/2024\/02\/Lagenhet-30-427x640.jpg 427w, https:\/\/staging.bjorkoarholma.se\/wp-content\/uploads\/2024\/02\/Lagenhet-30.jpg 1333w\" sizes=\"(max-width: 682px) 100vw, 682px\" \/><\/figure>\n\n\n\n<figure class=\"wp-block-image size-large\"><img loading=\"lazy\" decoding=\"async\" width=\"1024\" height=\"683\" data-id=\"2425\" src=\"https:\/\/staging.bjorkoarholma.se\/wp-content\/uploads\/2024\/02\/Lagenhet-29-1024x683.jpg\" alt=\"\" class=\"wp-image-2425\" srcset=\"https:\/\/staging.bjorkoarholma.se\/wp-content\/uploads\/2024\/02\/Lagenhet-29-1024x683.jpg 1024w, https:\/\/staging.bjorkoarholma.se\/wp-content\/uploads\/2024\/02\/Lagenhet-29-300x200.jpg 300w, https:\/\/staging.bjorkoarholma.se\/wp-content\/uploads\/2024\/02\/Lagenhet-29-768x512.jpg 768w, https:\/\/staging.bjorkoarholma.se\/wp-content\/uploads\/2024\/02\/Lagenhet-29-1536x1024.jpg 1536w, https:\/\/staging.bjorkoarholma.se\/wp-content\/uploads\/2024\/02\/Lagenhet-29-2048x1365.jpg 2048w, https:\/\/staging.bjorkoarholma.se\/wp-content\/uploads\/2024\/02\/Lagenhet-29-1800x1200.jpg 1800w, https:\/\/staging.bjorkoarholma.se\/wp-content\/uploads\/2024\/02\/Lagenhet-29-640x427.jpg 640w\" sizes=\"(max-width: 1024px) 100vw, 1024px\" \/><figcaption class=\"wp-element-caption\">Salen<\/figcaption><\/figure>\n<\/figure>\n\n\n\n<h4 class=\"wp-block-heading\">M\u00f6tes rummet<\/h4>\n\n\n\n<p>M\u00f6tes rummet rymmer cirka 10-12 personer kring bordet. Det \u00e4r ett mysigt rum med gamla m\u00f6bler som l\u00e4mpar sig till m\u00f6ten.<\/p>\n\n\n\n<figure class=\"wp-block-gallery has-nested-images columns-default is-cropped wp-block-gallery-2 is-layout-flex wp-block-gallery-is-layout-flex\">\n<figure class=\"wp-block-image size-large\"><img loading=\"lazy\" decoding=\"async\" width=\"533\" height=\"800\" data-id=\"2553\" src=\"https:\/\/staging.bjorkoarholma.se\/wp-content\/uploads\/2024\/02\/Motesrum-1.jpg\" alt=\"\" class=\"wp-image-2553\" srcset=\"https:\/\/staging.bjorkoarholma.se\/wp-content\/uploads\/2024\/02\/Motesrum-1.jpg 533w, https:\/\/staging.bjorkoarholma.se\/wp-content\/uploads\/2024\/02\/Motesrum-1-200x300.jpg 200w, https:\/\/staging.bjorkoarholma.se\/wp-content\/uploads\/2024\/02\/Motesrum-1-426x640.jpg 426w\" sizes=\"(max-width: 533px) 100vw, 533px\" \/><\/figure>\n\n\n\n<figure class=\"wp-block-image size-large\"><img loading=\"lazy\" decoding=\"async\" width=\"533\" height=\"800\" data-id=\"2552\" src=\"https:\/\/staging.bjorkoarholma.se\/wp-content\/uploads\/2024\/02\/Motesrum-2.jpg\" alt=\"\" class=\"wp-image-2552\" srcset=\"https:\/\/staging.bjorkoarholma.se\/wp-content\/uploads\/2024\/02\/Motesrum-2.jpg 533w, https:\/\/staging.bjorkoarholma.se\/wp-content\/uploads\/2024\/02\/Motesrum-2-200x300.jpg 200w, https:\/\/staging.bjorkoarholma.se\/wp-content\/uploads\/2024\/02\/Motesrum-2-426x640.jpg 426w\" sizes=\"(max-width: 533px) 100vw, 533px\" \/><\/figure>\n<\/figure>\n\n\n\n<h2 class=\"wp-block-heading\">K\u00f6ket<\/h2>\n\n\n\n<p>K\u00f6ket \u00e4r ett mindre restaurangk\u00f6k som \u00e4 fullt utrustat f\u00f6r matlagning. H\u00e4r finns stekh\u00e4llar, varmluftsugnar, mm. I k\u00f6ket finns ocks\u00e5 en v\u00e4l tilltagen diskmaskin. H\u00e4r finns ocks\u00e5 termosar mm som beh\u00f6vs vid kaffeservering.<\/p>\n\n\n\n<p> <\/p>\n\n\n\n<figure class=\"wp-block-gallery has-nested-images columns-default is-cropped wp-block-gallery-3 is-layout-flex wp-block-gallery-is-layout-flex\">\n<figure class=\"wp-block-image size-large\"><img loading=\"lazy\" decoding=\"async\" width=\"1024\" height=\"683\" data-id=\"2557\" src=\"https:\/\/staging.bjorkoarholma.se\/wp-content\/uploads\/2024\/02\/Kok-2-1024x683.jpg\" alt=\"\" class=\"wp-image-2557\" srcset=\"https:\/\/staging.bjorkoarholma.se\/wp-content\/uploads\/2024\/02\/Kok-2-1024x683.jpg 1024w, https:\/\/staging.bjorkoarholma.se\/wp-content\/uploads\/2024\/02\/Kok-2-300x200.jpg 300w, https:\/\/staging.bjorkoarholma.se\/wp-content\/uploads\/2024\/02\/Kok-2-768x512.jpg 768w, https:\/\/staging.bjorkoarholma.se\/wp-content\/uploads\/2024\/02\/Kok-2-640x427.jpg 640w, https:\/\/staging.bjorkoarholma.se\/wp-content\/uploads\/2024\/02\/Kok-2.jpg 1200w\" sizes=\"(max-width: 1024px) 100vw, 1024px\" \/><\/figure>\n\n\n\n<figure class=\"wp-block-image size-large\"><img loading=\"lazy\" decoding=\"async\" width=\"533\" height=\"800\" data-id=\"2558\" src=\"https:\/\/staging.bjorkoarholma.se\/wp-content\/uploads\/2024\/02\/Kok-4.jpg\" alt=\"\" class=\"wp-image-2558\" srcset=\"https:\/\/staging.bjorkoarholma.se\/wp-content\/uploads\/2024\/02\/Kok-4.jpg 533w, https:\/\/staging.bjorkoarholma.se\/wp-content\/uploads\/2024\/02\/Kok-4-200x300.jpg 200w, https:\/\/staging.bjorkoarholma.se\/wp-content\/uploads\/2024\/02\/Kok-4-426x640.jpg 426w\" sizes=\"(max-width: 533px) 100vw, 533px\" \/><\/figure>\n\n\n\n<figure class=\"wp-block-image size-large\"><img loading=\"lazy\" decoding=\"async\" width=\"1024\" height=\"683\" data-id=\"2554\" src=\"https:\/\/staging.bjorkoarholma.se\/wp-content\/uploads\/2024\/02\/Kok-3-1024x683.jpg\" alt=\"\" class=\"wp-image-2554\" srcset=\"https:\/\/staging.bjorkoarholma.se\/wp-content\/uploads\/2024\/02\/Kok-3-1024x683.jpg 1024w, https:\/\/staging.bjorkoarholma.se\/wp-content\/uploads\/2024\/02\/Kok-3-300x200.jpg 300w, https:\/\/staging.bjorkoarholma.se\/wp-content\/uploads\/2024\/02\/Kok-3-768x512.jpg 768w, https:\/\/staging.bjorkoarholma.se\/wp-content\/uploads\/2024\/02\/Kok-3-640x427.jpg 640w, https:\/\/staging.bjorkoarholma.se\/wp-content\/uploads\/2024\/02\/Kok-3.jpg 1200w\" sizes=\"(max-width: 1024px) 100vw, 1024px\" \/><\/figure>\n\n\n\n<figure class=\"wp-block-image size-large\"><img loading=\"lazy\" decoding=\"async\" width=\"1024\" height=\"683\" data-id=\"2555\" src=\"https:\/\/staging.bjorkoarholma.se\/wp-content\/uploads\/2024\/02\/Kok-1-1024x683.jpg\" alt=\"\" class=\"wp-image-2555\" srcset=\"https:\/\/staging.bjorkoarholma.se\/wp-content\/uploads\/2024\/02\/Kok-1-1024x683.jpg 1024w, https:\/\/staging.bjorkoarholma.se\/wp-content\/uploads\/2024\/02\/Kok-1-300x200.jpg 300w, https:\/\/staging.bjorkoarholma.se\/wp-content\/uploads\/2024\/02\/Kok-1-768x512.jpg 768w, https:\/\/staging.bjorkoarholma.se\/wp-content\/uploads\/2024\/02\/Kok-1-640x427.jpg 640w, https:\/\/staging.bjorkoarholma.se\/wp-content\/uploads\/2024\/02\/Kok-1.jpg 1200w\" sizes=\"(max-width: 1024px) 100vw, 1024px\" \/><\/figure>\n\n\n\n<figure class=\"wp-block-image size-large\"><img loading=\"lazy\" decoding=\"async\" width=\"1024\" height=\"683\" data-id=\"2556\" src=\"https:\/\/staging.bjorkoarholma.se\/wp-content\/uploads\/2024\/02\/Kok-5-1024x683.jpg\" alt=\"\" class=\"wp-image-2556\" srcset=\"https:\/\/staging.bjorkoarholma.se\/wp-content\/uploads\/2024\/02\/Kok-5-1024x683.jpg 1024w, https:\/\/staging.bjorkoarholma.se\/wp-content\/uploads\/2024\/02\/Kok-5-300x200.jpg 300w, https:\/\/staging.bjorkoarholma.se\/wp-content\/uploads\/2024\/02\/Kok-5-768x512.jpg 768w, https:\/\/staging.bjorkoarholma.se\/wp-content\/uploads\/2024\/02\/Kok-5-640x427.jpg 640w, https:\/\/staging.bjorkoarholma.se\/wp-content\/uploads\/2024\/02\/Kok-5.jpg 1200w\" sizes=\"(max-width: 1024px) 100vw, 1024px\" \/><\/figure>\n<\/figure>\n","protected":false},"excerpt":{"rendered":"<p>I underv\u00e5ningen p\u00e5 hembygdsg\u00e5rden finns v\u00e5ra f\u00f6reningslokaler. Dessa hyr vi ut till intresserade.\u2002Nedan kan du se interi\u00f6rer fr\u00e5n rummen. Halvdag 1-3 timmar 500 Kr Heldag 800 Kr Medlem i hembygdsf\u00f6reningen 500 Kr\/ heldag. F\u00f6r ytterligare information\/ fr\u00e5gor\/ bokning: info@bjorkoarholma.se Salen Salen rymmer upp till&#8230;<\/p>\n","protected":false},"author":5,"featured_media":0,"parent":0,"menu_order":0,"comment_status":"closed","ping_status":"closed","template":"","meta":{"_monsterinsights_skip_tracking":false,"_monsterinsights_sitenote_active":false,"_monsterinsights_sitenote_note":"","_monsterinsights_sitenote_category":0,"footnotes":""},"class_list":["post-2421","page","type-page","status-publish","hentry"],"aioseo_notices":[],"_links":{"self":[{"href":"https:\/\/staging.bjorkoarholma.se\/index.php?rest_route=\/wp\/v2\/pages\/2421","targetHints":{"allow":["GET"]}}],"collection":[{"href":"https:\/\/staging.bjorkoarholma.se\/index.php?rest_route=\/wp\/v2\/pages"}],"about":[{"href":"https:\/\/staging.bjorkoarholma.se\/index.php?rest_route=\/wp\/v2\/types\/page"}],"author":[{"embeddable":true,"href":"https:\/\/staging.bjorkoarholma.se\/index.php?rest_route=\/wp\/v2\/users\/5"}],"replies":[{"embeddable":true,"href":"https:\/\/staging.bjorkoarholma.se\/index.php?rest_route=%2Fwp%2Fv2%2Fcomments&post=2421"}],"version-history":[{"count":7,"href":"https:\/\/staging.bjorkoarholma.se\/index.php?rest_route=\/wp\/v2\/pages\/2421\/revisions"}],"predecessor-version":[{"id":3046,"href":"https:\/\/staging.bjorkoarholma.se\/index.php?rest_route=\/wp\/v2\/pages\/2421\/revisions\/3046"}],"wp:attachment":[{"href":"https:\/\/staging.bjorkoarholma.se\/index.php?rest_route=%2Fwp%2Fv2%2Fmedia&parent=2421"}],"curies":[{"name":"wp","href":"https:\/\/api.w.org\/{rel}","templated":true}]}}