{"id":2457,"date":"2024-02-10T17:12:34","date_gmt":"2024-02-10T17:12:34","guid":{"rendered":"https:\/\/staging.bjorkoarholma.se\/?page_id=2457"},"modified":"2024-02-17T23:30:57","modified_gmt":"2024-02-17T23:30:57","slug":"valborgsfirande","status":"publish","type":"page","link":"https:\/\/staging.bjorkoarholma.se\/?page_id=2457","title":{"rendered":"Valborgsfirande"},"content":{"rendered":"\n<p>N\u00e4r v\u00e5ren ska sjungas in samlas vi vid hembygdsg\u00e5rden. D\u00e4r sjunger vi v\u00e5rs\u00e5ngerna tillsammans och samlas runt valborgsbrasan. Kv\u00e4llen brukar ocks\u00e5 bjuda p\u00e5 upptr\u00e4danden, tipspromenader, lotterier mm.<\/p>\n\n\n\n<figure class=\"wp-block-gallery has-nested-images columns-default is-cropped wp-block-gallery-1 is-layout-flex wp-block-gallery-is-layout-flex\">\n<figure class=\"wp-block-image size-large\"><img fetchpriority=\"high\" decoding=\"async\" width=\"1024\" height=\"683\" data-id=\"2545\" src=\"https:\/\/staging.bjorkoarholma.se\/wp-content\/uploads\/2024\/02\/Valborg-1-1024x683.jpg\" alt=\"\" class=\"wp-image-2545\" srcset=\"https:\/\/staging.bjorkoarholma.se\/wp-content\/uploads\/2024\/02\/Valborg-1-1024x683.jpg 1024w, https:\/\/staging.bjorkoarholma.se\/wp-content\/uploads\/2024\/02\/Valborg-1-300x200.jpg 300w, https:\/\/staging.bjorkoarholma.se\/wp-content\/uploads\/2024\/02\/Valborg-1-768x512.jpg 768w, https:\/\/staging.bjorkoarholma.se\/wp-content\/uploads\/2024\/02\/Valborg-1-640x427.jpg 640w, https:\/\/staging.bjorkoarholma.se\/wp-content\/uploads\/2024\/02\/Valborg-1.jpg 1200w\" sizes=\"(max-width: 1024px) 100vw, 1024px\" \/><\/figure>\n\n\n\n<figure class=\"wp-block-image size-large\"><img decoding=\"async\" width=\"1024\" height=\"683\" data-id=\"2544\" src=\"https:\/\/staging.bjorkoarholma.se\/wp-content\/uploads\/2024\/02\/Valborg-2-1024x683.jpg\" alt=\"\" class=\"wp-image-2544\" srcset=\"https:\/\/staging.bjorkoarholma.se\/wp-content\/uploads\/2024\/02\/Valborg-2-1024x683.jpg 1024w, https:\/\/staging.bjorkoarholma.se\/wp-content\/uploads\/2024\/02\/Valborg-2-300x200.jpg 300w, https:\/\/staging.bjorkoarholma.se\/wp-content\/uploads\/2024\/02\/Valborg-2-768x512.jpg 768w, https:\/\/staging.bjorkoarholma.se\/wp-content\/uploads\/2024\/02\/Valborg-2-640x427.jpg 640w, https:\/\/staging.bjorkoarholma.se\/wp-content\/uploads\/2024\/02\/Valborg-2.jpg 1200w\" sizes=\"(max-width: 1024px) 100vw, 1024px\" \/><\/figure>\n\n\n\n<figure class=\"wp-block-image size-large\"><img decoding=\"async\" width=\"534\" height=\"800\" data-id=\"2542\" src=\"https:\/\/staging.bjorkoarholma.se\/wp-content\/uploads\/2024\/02\/Valborg-5.jpg\" alt=\"\" class=\"wp-image-2542\" srcset=\"https:\/\/staging.bjorkoarholma.se\/wp-content\/uploads\/2024\/02\/Valborg-5.jpg 534w, https:\/\/staging.bjorkoarholma.se\/wp-content\/uploads\/2024\/02\/Valborg-5-200x300.jpg 200w, https:\/\/staging.bjorkoarholma.se\/wp-content\/uploads\/2024\/02\/Valborg-5-427x640.jpg 427w\" sizes=\"(max-width: 534px) 100vw, 534px\" \/><\/figure>\n\n\n\n<figure class=\"wp-block-image size-large\"><img loading=\"lazy\" decoding=\"async\" width=\"1024\" height=\"683\" data-id=\"2546\" src=\"https:\/\/staging.bjorkoarholma.se\/wp-content\/uploads\/2024\/02\/Valborg-3-1024x683.jpg\" alt=\"\" class=\"wp-image-2546\" srcset=\"https:\/\/staging.bjorkoarholma.se\/wp-content\/uploads\/2024\/02\/Valborg-3-1024x683.jpg 1024w, https:\/\/staging.bjorkoarholma.se\/wp-content\/uploads\/2024\/02\/Valborg-3-300x200.jpg 300w, https:\/\/staging.bjorkoarholma.se\/wp-content\/uploads\/2024\/02\/Valborg-3-768x512.jpg 768w, https:\/\/staging.bjorkoarholma.se\/wp-content\/uploads\/2024\/02\/Valborg-3-640x427.jpg 640w, https:\/\/staging.bjorkoarholma.se\/wp-content\/uploads\/2024\/02\/Valborg-3.jpg 1200w\" sizes=\"(max-width: 1024px) 100vw, 1024px\" \/><\/figure>\n\n\n\n<figure class=\"wp-block-image size-large\"><img loading=\"lazy\" decoding=\"async\" width=\"1024\" height=\"683\" data-id=\"2543\" src=\"https:\/\/staging.bjorkoarholma.se\/wp-content\/uploads\/2024\/02\/Valborg-4-1024x683.jpg\" alt=\"\" class=\"wp-image-2543\" srcset=\"https:\/\/staging.bjorkoarholma.se\/wp-content\/uploads\/2024\/02\/Valborg-4-1024x683.jpg 1024w, https:\/\/staging.bjorkoarholma.se\/wp-content\/uploads\/2024\/02\/Valborg-4-300x200.jpg 300w, https:\/\/staging.bjorkoarholma.se\/wp-content\/uploads\/2024\/02\/Valborg-4-768x512.jpg 768w, https:\/\/staging.bjorkoarholma.se\/wp-content\/uploads\/2024\/02\/Valborg-4-640x427.jpg 640w, https:\/\/staging.bjorkoarholma.se\/wp-content\/uploads\/2024\/02\/Valborg-4.jpg 1200w\" sizes=\"(max-width: 1024px) 100vw, 1024px\" \/><\/figure>\n<\/figure>\n","protected":false},"excerpt":{"rendered":"<p>N\u00e4r v\u00e5ren ska sjungas in samlas vi vid hembygdsg\u00e5rden. D\u00e4r sjunger vi v\u00e5rs\u00e5ngerna tillsammans och samlas runt valborgsbrasan. Kv\u00e4llen brukar ocks\u00e5 bjuda p\u00e5 upptr\u00e4danden, tipspromenader, lotterier mm.<\/p>\n","protected":false},"author":5,"featured_media":0,"parent":0,"menu_order":0,"comment_status":"closed","ping_status":"closed","template":"","meta":{"_monsterinsights_skip_tracking":false,"_monsterinsights_sitenote_active":false,"_monsterinsights_sitenote_note":"","_monsterinsights_sitenote_category":0,"footnotes":""},"class_list":["post-2457","page","type-page","status-publish","hentry"],"aioseo_notices":[],"_links":{"self":[{"href":"https:\/\/staging.bjorkoarholma.se\/index.php?rest_route=\/wp\/v2\/pages\/2457","targetHints":{"allow":["GET"]}}],"collection":[{"href":"https:\/\/staging.bjorkoarholma.se\/index.php?rest_route=\/wp\/v2\/pages"}],"about":[{"href":"https:\/\/staging.bjorkoarholma.se\/index.php?rest_route=\/wp\/v2\/types\/page"}],"author":[{"embeddable":true,"href":"https:\/\/staging.bjorkoarholma.se\/index.php?rest_route=\/wp\/v2\/users\/5"}],"replies":[{"embeddable":true,"href":"https:\/\/staging.bjorkoarholma.se\/index.php?rest_route=%2Fwp%2Fv2%2Fcomments&post=2457"}],"version-history":[{"count":3,"href":"https:\/\/staging.bjorkoarholma.se\/index.php?rest_route=\/wp\/v2\/pages\/2457\/revisions"}],"predecessor-version":[{"id":2548,"href":"https:\/\/staging.bjorkoarholma.se\/index.php?rest_route=\/wp\/v2\/pages\/2457\/revisions\/2548"}],"wp:attachment":[{"href":"https:\/\/staging.bjorkoarholma.se\/index.php?rest_route=%2Fwp%2Fv2%2Fmedia&parent=2457"}],"curies":[{"name":"wp","href":"https:\/\/api.w.org\/{rel}","templated":true}]}}