{"id":2461,"date":"2024-02-10T17:25:31","date_gmt":"2024-02-10T17:25:31","guid":{"rendered":"https:\/\/staging.bjorkoarholma.se\/?page_id=2461"},"modified":"2024-02-17T23:14:48","modified_gmt":"2024-02-17T23:14:48","slug":"midsommarfirande","status":"publish","type":"page","link":"https:\/\/staging.bjorkoarholma.se\/?page_id=2461","title":{"rendered":"Midsommarfirande"},"content":{"rendered":"\n<p>Ett av f\u00f6reningens \u00e5terkommande aktiviteter \u00e4r midsommarfirandet. D\u00e5 samlas sommarg\u00e4ster och fastboende f\u00f6r att gemensamt resa st\u00e5ngen. D\u00e4refter blir det dans runt st\u00e5ngen d\u00e4r v\u00e5ra spelem\u00e4n medverkar. Lekar d\u00e4r b\u00e5de barn och vuxna deltar brukar vara ett popul\u00e4rt inslag. F\u00f6rs\u00e4ljning av fika och lotter \u00e4r ocks\u00e5 popul\u00e4ra inslag. <\/p>\n\n\n\n<div class=\"wp-block-group\"><div class=\"wp-block-group__inner-container is-layout-constrained wp-block-group-is-layout-constrained\">\n<figure class=\"wp-block-gallery has-nested-images columns-default is-cropped wp-block-gallery-1 is-layout-flex wp-block-gallery-is-layout-flex\">\n<figure class=\"wp-block-image size-large\"><img fetchpriority=\"high\" decoding=\"async\" width=\"1024\" height=\"681\" data-id=\"2538\" src=\"https:\/\/staging.bjorkoarholma.se\/wp-content\/uploads\/2024\/02\/Midsommar-2-1024x681.jpg\" alt=\"\" class=\"wp-image-2538\" srcset=\"https:\/\/staging.bjorkoarholma.se\/wp-content\/uploads\/2024\/02\/Midsommar-2-1024x681.jpg 1024w, https:\/\/staging.bjorkoarholma.se\/wp-content\/uploads\/2024\/02\/Midsommar-2-300x200.jpg 300w, https:\/\/staging.bjorkoarholma.se\/wp-content\/uploads\/2024\/02\/Midsommar-2-768x511.jpg 768w, https:\/\/staging.bjorkoarholma.se\/wp-content\/uploads\/2024\/02\/Midsommar-2-640x426.jpg 640w, https:\/\/staging.bjorkoarholma.se\/wp-content\/uploads\/2024\/02\/Midsommar-2.jpg 1200w\" sizes=\"(max-width: 1024px) 100vw, 1024px\" \/><\/figure>\n\n\n\n<figure class=\"wp-block-image size-large\"><img decoding=\"async\" width=\"532\" height=\"800\" data-id=\"2540\" src=\"https:\/\/staging.bjorkoarholma.se\/wp-content\/uploads\/2024\/02\/Midsommar-1.jpg\" alt=\"\" class=\"wp-image-2540\" srcset=\"https:\/\/staging.bjorkoarholma.se\/wp-content\/uploads\/2024\/02\/Midsommar-1.jpg 532w, https:\/\/staging.bjorkoarholma.se\/wp-content\/uploads\/2024\/02\/Midsommar-1-200x300.jpg 200w, https:\/\/staging.bjorkoarholma.se\/wp-content\/uploads\/2024\/02\/Midsommar-1-426x640.jpg 426w\" sizes=\"(max-width: 532px) 100vw, 532px\" \/><\/figure>\n\n\n\n<figure class=\"wp-block-image size-large\"><img decoding=\"async\" width=\"532\" height=\"800\" data-id=\"2537\" src=\"https:\/\/staging.bjorkoarholma.se\/wp-content\/uploads\/2024\/02\/Midsommar-4.jpg\" alt=\"\" class=\"wp-image-2537\" srcset=\"https:\/\/staging.bjorkoarholma.se\/wp-content\/uploads\/2024\/02\/Midsommar-4.jpg 532w, https:\/\/staging.bjorkoarholma.se\/wp-content\/uploads\/2024\/02\/Midsommar-4-200x300.jpg 200w, https:\/\/staging.bjorkoarholma.se\/wp-content\/uploads\/2024\/02\/Midsommar-4-426x640.jpg 426w\" sizes=\"(max-width: 532px) 100vw, 532px\" \/><\/figure>\n\n\n\n<figure class=\"wp-block-image size-large\"><img loading=\"lazy\" decoding=\"async\" width=\"1024\" height=\"681\" data-id=\"2539\" src=\"https:\/\/staging.bjorkoarholma.se\/wp-content\/uploads\/2024\/02\/Midsommar-3-1024x681.jpg\" alt=\"\" class=\"wp-image-2539\" srcset=\"https:\/\/staging.bjorkoarholma.se\/wp-content\/uploads\/2024\/02\/Midsommar-3-1024x681.jpg 1024w, https:\/\/staging.bjorkoarholma.se\/wp-content\/uploads\/2024\/02\/Midsommar-3-300x200.jpg 300w, https:\/\/staging.bjorkoarholma.se\/wp-content\/uploads\/2024\/02\/Midsommar-3-768x511.jpg 768w, https:\/\/staging.bjorkoarholma.se\/wp-content\/uploads\/2024\/02\/Midsommar-3-640x426.jpg 640w, https:\/\/staging.bjorkoarholma.se\/wp-content\/uploads\/2024\/02\/Midsommar-3.jpg 1200w\" sizes=\"(max-width: 1024px) 100vw, 1024px\" \/><\/figure>\n<\/figure>\n<\/div><\/div>\n","protected":false},"excerpt":{"rendered":"<p>Ett av f\u00f6reningens \u00e5terkommande aktiviteter \u00e4r midsommarfirandet. D\u00e5 samlas sommarg\u00e4ster och fastboende f\u00f6r att gemensamt resa st\u00e5ngen. D\u00e4refter blir det dans runt st\u00e5ngen d\u00e4r v\u00e5ra spelem\u00e4n medverkar. Lekar d\u00e4r b\u00e5de barn och vuxna deltar brukar vara ett popul\u00e4rt inslag. F\u00f6rs\u00e4ljning av fika och lotter&#8230;<\/p>\n","protected":false},"author":5,"featured_media":0,"parent":0,"menu_order":0,"comment_status":"closed","ping_status":"closed","template":"","meta":{"_monsterinsights_skip_tracking":false,"_monsterinsights_sitenote_active":false,"_monsterinsights_sitenote_note":"","_monsterinsights_sitenote_category":0,"footnotes":""},"class_list":["post-2461","page","type-page","status-publish","hentry"],"aioseo_notices":[],"_links":{"self":[{"href":"https:\/\/staging.bjorkoarholma.se\/index.php?rest_route=\/wp\/v2\/pages\/2461","targetHints":{"allow":["GET"]}}],"collection":[{"href":"https:\/\/staging.bjorkoarholma.se\/index.php?rest_route=\/wp\/v2\/pages"}],"about":[{"href":"https:\/\/staging.bjorkoarholma.se\/index.php?rest_route=\/wp\/v2\/types\/page"}],"author":[{"embeddable":true,"href":"https:\/\/staging.bjorkoarholma.se\/index.php?rest_route=\/wp\/v2\/users\/5"}],"replies":[{"embeddable":true,"href":"https:\/\/staging.bjorkoarholma.se\/index.php?rest_route=%2Fwp%2Fv2%2Fcomments&post=2461"}],"version-history":[{"count":3,"href":"https:\/\/staging.bjorkoarholma.se\/index.php?rest_route=\/wp\/v2\/pages\/2461\/revisions"}],"predecessor-version":[{"id":2541,"href":"https:\/\/staging.bjorkoarholma.se\/index.php?rest_route=\/wp\/v2\/pages\/2461\/revisions\/2541"}],"wp:attachment":[{"href":"https:\/\/staging.bjorkoarholma.se\/index.php?rest_route=%2Fwp%2Fv2%2Fmedia&parent=2461"}],"curies":[{"name":"wp","href":"https:\/\/api.w.org\/{rel}","templated":true}]}}