{"id":2709,"date":"2024-02-19T15:37:16","date_gmt":"2024-02-19T15:37:16","guid":{"rendered":"https:\/\/staging.bjorkoarholma.se\/?page_id=2709"},"modified":"2024-04-15T18:39:28","modified_gmt":"2024-04-15T18:39:28","slug":"kontakta-oss-2024","status":"publish","type":"page","link":"https:\/\/staging.bjorkoarholma.se\/?page_id=2709","title":{"rendered":"Kontakta oss"},"content":{"rendered":"\n<h5 class=\"wp-block-heading\"><strong>Styrelse<\/strong><\/h5>\n\n\n\n<figure class=\"wp-block-table is-style-regular\"><table><tbody><tr><td>Ordf\u00f6rande<\/td><td>Lena Svenonius<\/td><td><img decoding=\"async\" width=\"150\" height=\"183\" class=\"wp-image-860\" style=\"width: 150px;\" src=\"https:\/\/staging.bjorkoarholma.se\/wp-content\/uploads\/2021\/03\/Kintakta_Lena.jpg\" alt=\"\"><\/td><td>Lena \u00e4r ordf\u00f6rande Har du id\u00e9er eller synpunkter skickar du ett e-mail till:<strong><br>info snabela bjorkoarholma.se<\/strong><\/td><\/tr><tr><td>Vice ordf\u00f6rande<\/td><td>\u00d6rjan Gr\u00f6nlund<\/td><td><img decoding=\"async\" src=\"https:\/\/staging.bjorkoarholma.se\/wp-content\/uploads\/2024\/02\/Orjan-1.jpg\" alt=\"\"><\/td><td>\u00d6rjan \u00e4r vice ordf\u00f6rande och har ett s\u00e4rskilt ansvar f\u00f6r  bla genomf\u00f6randet av Bj\u00f6rk\u00f6h\u00e4nget.<\/td><\/tr><tr><td>Sekreterare<\/td><td>Magnus Appelberg<\/td><td><img decoding=\"async\" width=\"150\" height=\"152\" class=\"wp-image-1711\" style=\"width: 150px;\" src=\"https:\/\/staging.bjorkoarholma.se\/wp-content\/uploads\/2021\/07\/Ska\u0308rmavbild-2021-07-17-kl.-20.29.46.png\" alt=\"\" srcset=\"https:\/\/staging.bjorkoarholma.se\/wp-content\/uploads\/2021\/07\/Ska\u0308rmavbild-2021-07-17-kl.-20.29.46.png 392w, https:\/\/staging.bjorkoarholma.se\/wp-content\/uploads\/2021\/07\/Ska\u0308rmavbild-2021-07-17-kl.-20.29.46-295x300.png 295w\" sizes=\"(max-width: 150px) 100vw, 150px\" \/><\/td><td>Magnus hanterar f\u00f6reningens dokument, protokoll mm. F\u00f6rutom detta \u00e4r han aktiv med olika typer av fondans\u00f6kningar mm.<\/td><\/tr><tr><td>Kass\u00f6r<\/td><td>Katarina Jonsson<\/td><td><img decoding=\"async\" src=\"https:\/\/staging.bjorkoarholma.se\/wp-content\/uploads\/2024\/03\/Kattis.jpg\" alt=\"\" style=\"width: 150px;\"><\/td><td>Katarina hanterar f\u00f6reningens ekonomi d\u00e4r hon f\u00f6ljer f\u00f6reningens ekonomiska utveckling mm. <\/td><\/tr><tr><td>Medlems<br>ansvarig<\/td><td>Eva Niss\u00e9n<\/td><td><img decoding=\"async\" width=\"150\" height=\"183\" class=\"wp-image-863\" style=\"width: 150px;\" src=\"https:\/\/staging.bjorkoarholma.se\/wp-content\/uploads\/2021\/03\/Kontakta_Nissen.jpg\" alt=\"\"><\/td><td>Eva \u00e4r ansvarig f\u00f6r medlemsregistret och medlemsavgifter. F\u00f6r fr\u00e5gor skickar du ett e-mail till:<strong><br>medlem snabela bjorkoarholma.se<\/strong><\/td><\/tr><tr><td>Ledamot<\/td><td>H\u00e5kan Winberg<\/td><td><img loading=\"lazy\" decoding=\"async\" width=\"130\" height=\"169\" class=\"wp-image-1109\" style=\"width: 130px;\" src=\"https:\/\/staging.bjorkoarholma.se\/wp-content\/uploads\/2021\/04\/Hakan-Winnberg.jpg\" alt=\"\"><\/td><td>H\u00e5kan \u00e4r \u00f6vrig ledamot med stort intresse f\u00f6r bland annat bygdens historia. <\/td><\/tr><tr><td>Ledamot<\/td><td>Yvonne Sj\u00f6blom<\/td><td><img decoding=\"async\" src=\"https:\/\/staging.bjorkoarholma.se\/wp-content\/uploads\/2024\/03\/Yvonne-S-1.png\" alt=\"\" style=\"width: 150px;\"><\/td><td>Yvonne \u00e4r \u00f6vrig ledamot med ett s\u00e4rskilt intresse f\u00f6r kultur och barn- ungdomsverksamhet.<\/td><\/tr><\/tbody><\/table><\/figure>\n\n\n\n<h6 class=\"wp-block-heading\"><strong>Arbetsgrupper mm<\/strong><\/h6>\n\n\n\n<figure class=\"wp-block-table is-style-regular\"><table><tbody><tr><td>V\u00e5ra \u00f6ar<\/td><td>Jerker Persson<\/td><td><img decoding=\"async\" style=\"width: 130px;\" src=\"https:\/\/staging.bjorkoarholma.se\/wp-content\/uploads\/2021\/03\/Kontakta_Jerker.jpg\" alt=\"\"><\/td><td>Jerker Persson \u00e4r redakt\u00f6r f\u00f6r v\u00e5r tidning V\u00e5ra \u00d6ar. Har du id\u00e9er eller synpunkter skickar du ett e-mail till:<strong><br>varaoar snabela bjorkoarholma.se<\/strong><\/td><\/tr><tr><td>Hus<br>gruppen<\/td><td>Eva <br>Niss\u00e9n<\/td><td><img loading=\"lazy\" decoding=\"async\" width=\"130\" height=\"158\" class=\"wp-image-863\" style=\"width: 130px;\" src=\"https:\/\/staging.bjorkoarholma.se\/wp-content\/uploads\/2021\/03\/Kontakta_Nissen.jpg\" alt=\"\"><\/td><td>Eva Niss\u00e9n samordnar &#8221;husgruppen&#8221; som bist\u00e5r med olika insatser f\u00f6r att underh\u00e5lla huset.<\/td><\/tr><tr><td>Tr\u00e4dg\u00e5rds<br>gruppen<\/td><td>Lena <br>Gidl\u00f6f<\/td><td><img decoding=\"async\" style=\"width: 150px;\" src=\"https:\/\/staging.bjorkoarholma.se\/wp-content\/uploads\/2024\/03\/Lena_G.jpg\" alt=\"\"><\/td><td>Lena samordnar gruppen som fokuserar p\u00e5 utemilj\u00f6 kring hembygdsg\u00e5rden och insatser f\u00f6r att f\u00e5 en trevligare utemilj\u00f6.<\/td><\/tr><tr><td>Historiska kommitt\u00e9n<\/td><td><br>H\u00e5kan Vinberg<\/td><td><img loading=\"lazy\" decoding=\"async\" width=\"130\" height=\"169\" class=\"wp-image-1109\" style=\"width: 130px;\" src=\"https:\/\/staging.bjorkoarholma.se\/wp-content\/uploads\/2021\/04\/Hakan-Winnberg.jpg\" alt=\"\"><\/td><td>H\u00e5kan samordnar gruppen som fokuserar p\u00e5 historisk dokumentation mm.<\/td><\/tr><tr><td>Barnen p\u00e5 Bj\u00f6rk\u00f6<\/td><td>Emma Gr\u00f6nlund<\/td><td><img decoding=\"async\" src=\"https:\/\/staging.bjorkoarholma.se\/wp-content\/uploads\/2024\/04\/Emma.jpg\" alt=\"\" style=\"width: 150px;\"><\/td><td>Emma samordnar gruppen som har barnen i fokus. Gruppen skapar aktiviteter s\u00e5 barn &amp; f\u00f6r\u00e4ldrar f\u00e5r tr\u00e4ffas \u00e5ret om.<\/td><\/tr><tr><td>Fest kommitt\u00e9n<\/td><td>Camilla Karlsson<\/td><td><img decoding=\"async\" style=\"width: 150px;\" src=\"https:\/\/staging.bjorkoarholma.se\/wp-content\/uploads\/2021\/03\/Kontakta_Camilla.jpg\" alt=\"\"><\/td><td>Camilla samordnar gruppen som \u00e4r en st\u00f6dtrupp f\u00f6r olika evenemang som kr\u00e4ver fika fixande mm.<\/td><\/tr><tr><td><\/td><td><\/td><td><\/td><td><\/td><\/tr><\/tbody><\/table><\/figure>\n","protected":false},"excerpt":{"rendered":"<p>Styrelse Ordf\u00f6rande Lena Svenonius Lena \u00e4r ordf\u00f6rande Har du id\u00e9er eller synpunkter skickar du ett e-mail till:info snabela bjorkoarholma.se Vice ordf\u00f6rande \u00d6rjan Gr\u00f6nlund \u00d6rjan \u00e4r vice ordf\u00f6rande och har ett s\u00e4rskilt ansvar f\u00f6r bla genomf\u00f6randet av Bj\u00f6rk\u00f6h\u00e4nget. Sekreterare Magnus Appelberg Magnus hanterar f\u00f6reningens dokument,&#8230;<\/p>\n","protected":false},"author":5,"featured_media":0,"parent":0,"menu_order":0,"comment_status":"closed","ping_status":"closed","template":"","meta":{"_monsterinsights_skip_tracking":false,"_monsterinsights_sitenote_active":false,"_monsterinsights_sitenote_note":"","_monsterinsights_sitenote_category":0,"footnotes":""},"class_list":["post-2709","page","type-page","status-publish","hentry"],"aioseo_notices":[],"_links":{"self":[{"href":"https:\/\/staging.bjorkoarholma.se\/index.php?rest_route=\/wp\/v2\/pages\/2709","targetHints":{"allow":["GET"]}}],"collection":[{"href":"https:\/\/staging.bjorkoarholma.se\/index.php?rest_route=\/wp\/v2\/pages"}],"about":[{"href":"https:\/\/staging.bjorkoarholma.se\/index.php?rest_route=\/wp\/v2\/types\/page"}],"author":[{"embeddable":true,"href":"https:\/\/staging.bjorkoarholma.se\/index.php?rest_route=\/wp\/v2\/users\/5"}],"replies":[{"embeddable":true,"href":"https:\/\/staging.bjorkoarholma.se\/index.php?rest_route=%2Fwp%2Fv2%2Fcomments&post=2709"}],"version-history":[{"count":20,"href":"https:\/\/staging.bjorkoarholma.se\/index.php?rest_route=\/wp\/v2\/pages\/2709\/revisions"}],"predecessor-version":[{"id":3531,"href":"https:\/\/staging.bjorkoarholma.se\/index.php?rest_route=\/wp\/v2\/pages\/2709\/revisions\/3531"}],"wp:attachment":[{"href":"https:\/\/staging.bjorkoarholma.se\/index.php?rest_route=%2Fwp%2Fv2%2Fmedia&parent=2709"}],"curies":[{"name":"wp","href":"https:\/\/api.w.org\/{rel}","templated":true}]}}