{"id":2717,"date":"2024-02-19T16:37:25","date_gmt":"2024-02-19T16:37:25","guid":{"rendered":"https:\/\/staging.bjorkoarholma.se\/?page_id=2717"},"modified":"2024-02-19T21:51:43","modified_gmt":"2024-02-19T21:51:43","slug":"strovtag-2","status":"publish","type":"page","link":"https:\/\/staging.bjorkoarholma.se\/?page_id=2717","title":{"rendered":"Str\u00f6vt\u00e5g p\u00e5 Bj\u00f6rk\u00f6"},"content":{"rendered":"\n<p>.<\/p>\n\n\n\n<div class=\"wp-block-media-text has-media-on-the-right is-stacked-on-mobile\" style=\"grid-template-columns:auto 28%\"><div class=\"wp-block-media-text__content\">\n<p>Under m\u00e5nga \u00e5r har vi f\u00f6reningen arrangerat kulturvandringar p\u00e5 olika intressanta omr\u00e5den p\u00e5 v\u00e5r \u00f6. De ha letts av n\u00e5gon lokalt kunnig p\u00e5 bygden och har varit mycket uppskattade och v\u00e4lbes\u00f6kta. Dessa vandringar sammanst\u00e4lldes i skriften &#8221;str\u00f6vt\u00e5g p\u00e5 Bj\u00f6rk\u00f6&#8221; xxxx. F\u00f6rhoppningen \u00e4r att fler ska f\u00e5 m\u00f6jlighet till trevliga promenader med intressant information om historiska platser som passeras.  <\/p>\n\n\n\n<p><strong>Vid dina str\u00f6vt\u00e5g t\u00e4nk p\u00e5<\/strong>:<\/p>\n\n\n\n<ul class=\"wp-block-list\">\n<li>Att parkera s\u00e5 du inte hindrar eller st\u00f6r.<\/li>\n\n\n\n<li>Att respektera period d\u00e5 hund ska h\u00e5llas kopplad.<\/li>\n\n\n\n<li>Att ditt skr\u00e4p kommer med hem igen.<\/li>\n\n\n\n<li>Att inte st\u00f6ra eller f\u00f6rst\u00f6ra.<\/li>\n<\/ul>\n<\/div><figure class=\"wp-block-media-text__media\"><img fetchpriority=\"high\" decoding=\"async\" width=\"710\" height=\"1024\" src=\"https:\/\/staging.bjorkoarholma.se\/wp-content\/uploads\/2021\/03\/Strovtag_oversikt-710x1024.jpg\" alt=\"Str\u00f6vt\u00e5g p\u00e5 Bj\u00f6rk\u00f6 Arholma\" class=\"wp-image-638 size-full\" srcset=\"https:\/\/staging.bjorkoarholma.se\/wp-content\/uploads\/2021\/03\/Strovtag_oversikt-710x1024.jpg 710w, https:\/\/staging.bjorkoarholma.se\/wp-content\/uploads\/2021\/03\/Strovtag_oversikt-208x300.jpg 208w, https:\/\/staging.bjorkoarholma.se\/wp-content\/uploads\/2021\/03\/Strovtag_oversikt-768x1107.jpg 768w, https:\/\/staging.bjorkoarholma.se\/wp-content\/uploads\/2021\/03\/Strovtag_oversikt-1065x1536.jpg 1065w, https:\/\/staging.bjorkoarholma.se\/wp-content\/uploads\/2021\/03\/Strovtag_oversikt.jpg 1105w\" sizes=\"(max-width: 710px) 100vw, 710px\" \/><\/figure><\/div>\n\n\n\n<h6 class=\"wp-block-heading\"><strong>Genom att klicka p\u00e5 l\u00e4nkarna nedan kommer du till beskrivningen av vald etapp.<\/strong> <em>(sidorna \u00f6ppnas i ny flik)<\/em>.<\/h6>\n\n\n\n<div class=\"wp-block-cover\"><span aria-hidden=\"true\" class=\"wp-block-cover__background has-background-dim\"><\/span><img decoding=\"async\" width=\"1024\" height=\"683\" class=\"wp-block-cover__image-background wp-image-2644\" alt=\"\" src=\"https:\/\/staging.bjorkoarholma.se\/wp-content\/uploads\/2024\/02\/Bilder_bygden-4-1024x683.jpg\" data-object-fit=\"cover\" srcset=\"https:\/\/staging.bjorkoarholma.se\/wp-content\/uploads\/2024\/02\/Bilder_bygden-4-1024x683.jpg 1024w, https:\/\/staging.bjorkoarholma.se\/wp-content\/uploads\/2024\/02\/Bilder_bygden-4-300x200.jpg 300w, https:\/\/staging.bjorkoarholma.se\/wp-content\/uploads\/2024\/02\/Bilder_bygden-4-768x512.jpg 768w, https:\/\/staging.bjorkoarholma.se\/wp-content\/uploads\/2024\/02\/Bilder_bygden-4-1536x1024.jpg 1536w, https:\/\/staging.bjorkoarholma.se\/wp-content\/uploads\/2024\/02\/Bilder_bygden-4-640x427.jpg 640w, https:\/\/staging.bjorkoarholma.se\/wp-content\/uploads\/2024\/02\/Bilder_bygden-4.jpg 1600w\" sizes=\"(max-width: 1024px) 100vw, 1024px\" \/><div class=\"wp-block-cover__inner-container is-layout-flow wp-block-cover-is-layout-flow\">\n<p><a href=\"https:\/\/bjorkoarholma.se\/wp-content\/uploads\/2021\/03\/1-Salno%CC%88-med-insjo%CC%88arna.pdf\" target=\"_blank\" rel=\"noreferrer noopener\">1 Saln\u00f6 med insj\u00f6arna<\/a><\/p>\n\n\n\n<p><a href=\"https:\/\/bjorkoarholma.se\/wp-content\/uploads\/2021\/03\/2-Backa-brygga-Lervik.pdf\" target=\"_blank\" rel=\"noreferrer noopener\">2 Backa brygga \u2013 Lervik<\/a><\/p>\n\n\n\n<p><a href=\"https:\/\/bjorkoarholma.se\/wp-content\/uploads\/2021\/03\/3-Utana-Bylehamn.pdf\" target=\"_blank\" rel=\"noreferrer noopener\">3 Utan\u00e5 \u2013 Bylehamn<\/a><\/p>\n\n\n\n<p><a href=\"https:\/\/bjorkoarholma.se\/wp-content\/uploads\/2021\/03\/4-Va%CC%88ster-Edsvik.pdf\" target=\"_blank\" rel=\"noreferrer noopener\">4 V\u00e4ster Edsvik<\/a><\/p>\n\n\n\n<p><a href=\"https:\/\/bjorkoarholma.se\/wp-content\/uploads\/2021\/03\/5-Finnalafja%CC%88rden-Stora-A%CC%88nklingen-och-Arsla%CC%88jan-optimerad.pdf\" target=\"_blank\" rel=\"noreferrer noopener\">5 Finnalafj\u00e4rden, Stora \u00c4nklingen och Arsl\u00e4jan<\/a><\/p>\n\n\n\n<p><a href=\"https:\/\/bjorkoarholma.se\/wp-content\/uploads\/2021\/03\/6-Kyrkoga%CC%8Arden-O%CC%88ster-Edsvik-Marum.pdf\" target=\"_blank\" rel=\"noreferrer noopener\">6 Kyrkog\u00e5rden \u2013 \u00d6ster Edsvik \u2013 Marum<\/a><\/p>\n\n\n\n<p><a href=\"https:\/\/bjorkoarholma.se\/wp-content\/uploads\/2021\/04\/7b-Marum.pdf\" target=\"_blank\" rel=\"noreferrer noopener\">7 Marum<\/a><\/p>\n\n\n\n<p><a href=\"https:\/\/bjorkoarholma.se\/wp-content\/uploads\/2021\/03\/8-Simpna%CC%88s-by.pdf\" target=\"_blank\" rel=\"noreferrer noopener\">8 Simpn\u00e4s by<\/a><\/p>\n\n\n\n<p><a href=\"https:\/\/bjorkoarholma.se\/wp-content\/uploads\/2021\/03\/9-Bofja%CC%88rden-och-Malaise-udde-optimerad.pdf\" target=\"_blank\" rel=\"noreferrer noopener\">9 Bofj\u00e4rden och Malaise udde<\/a><\/p>\n\n\n\n<p><a href=\"https:\/\/bjorkoarholma.se\/wp-content\/uploads\/2021\/03\/10-Rumshamn-Kulla-optimerad.pdf\" target=\"_blank\" rel=\"noreferrer noopener\">10 Rumshamn \u2013 Kulla<\/a><\/p>\n\n\n\n<p><a href=\"https:\/\/bjorkoarholma.se\/wp-content\/uploads\/2021\/03\/11-Fyrstigen-Simpna%CC%88s-O%CC%88stersjo%CC%88-optimerad.pdf\" target=\"_blank\" rel=\"noreferrer noopener\">11 Fyrstigen Simpn\u00e4s \u2013 \u00d6stersj\u00f6<\/a><\/p>\n\n\n\n<p><a href=\"https:\/\/bjorkoarholma.se\/wp-content\/uploads\/2021\/03\/12-Skeppsmyra-Sta%CC%88rbsna%CC%88s-A%CC%88ngholmen-.pdf\" target=\"_blank\" rel=\"noreferrer noopener\">12 Skeppsmyra \u2013 St\u00e4rbsn\u00e4s- \u00c4ngholmen<\/a><\/p>\n<\/div><\/div>\n\n\n\n<p><\/p>\n","protected":false},"excerpt":{"rendered":"<p>. Genom att klicka p\u00e5 l\u00e4nkarna nedan kommer du till beskrivningen av vald etapp. (sidorna \u00f6ppnas i ny flik).<\/p>\n","protected":false},"author":5,"featured_media":0,"parent":0,"menu_order":0,"comment_status":"closed","ping_status":"closed","template":"","meta":{"_monsterinsights_skip_tracking":false,"_monsterinsights_sitenote_active":false,"_monsterinsights_sitenote_note":"","_monsterinsights_sitenote_category":0,"footnotes":""},"class_list":["post-2717","page","type-page","status-publish","hentry"],"aioseo_notices":[],"_links":{"self":[{"href":"https:\/\/staging.bjorkoarholma.se\/index.php?rest_route=\/wp\/v2\/pages\/2717","targetHints":{"allow":["GET"]}}],"collection":[{"href":"https:\/\/staging.bjorkoarholma.se\/index.php?rest_route=\/wp\/v2\/pages"}],"about":[{"href":"https:\/\/staging.bjorkoarholma.se\/index.php?rest_route=\/wp\/v2\/types\/page"}],"author":[{"embeddable":true,"href":"https:\/\/staging.bjorkoarholma.se\/index.php?rest_route=\/wp\/v2\/users\/5"}],"replies":[{"embeddable":true,"href":"https:\/\/staging.bjorkoarholma.se\/index.php?rest_route=%2Fwp%2Fv2%2Fcomments&post=2717"}],"version-history":[{"count":13,"href":"https:\/\/staging.bjorkoarholma.se\/index.php?rest_route=\/wp\/v2\/pages\/2717\/revisions"}],"predecessor-version":[{"id":2752,"href":"https:\/\/staging.bjorkoarholma.se\/index.php?rest_route=\/wp\/v2\/pages\/2717\/revisions\/2752"}],"wp:attachment":[{"href":"https:\/\/staging.bjorkoarholma.se\/index.php?rest_route=%2Fwp%2Fv2%2Fmedia&parent=2717"}],"curies":[{"name":"wp","href":"https:\/\/api.w.org\/{rel}","templated":true}]}}