{"id":2775,"date":"2024-02-20T20:03:41","date_gmt":"2024-02-20T20:03:41","guid":{"rendered":"https:\/\/staging.bjorkoarholma.se\/?page_id=2775"},"modified":"2024-03-11T22:14:00","modified_gmt":"2024-03-11T22:14:00","slug":"vara-farliga-vatten","status":"publish","type":"page","link":"https:\/\/staging.bjorkoarholma.se\/?page_id=2775","title":{"rendered":"V\u00e5ra farliga vatten"},"content":{"rendered":"\n<p> <\/p>\n\n\n\n<div class=\"wp-block-media-text has-media-on-the-right is-stacked-on-mobile\" style=\"grid-template-columns:auto 42%\"><div class=\"wp-block-media-text__content\">\n<p>Under h\u00f6sten och vintern 2021 gick Jerker Persson igenom Kungliga Bibliotekets databas&nbsp;<strong>Sveriges dagstidningar&nbsp;<\/strong>n\u00e4r han s\u00f6kte efter underlag till V\u00e5ra \u00d6ar nr 25. Under arbetet uppt\u00e4ckte han att det intr\u00e4ffat m\u00e5nga fartygsolyckor i v\u00e5ra farvatten. Den lista han sammanst\u00e4llde inneh\u00e5ller ett sextiotal olyckor, men  \u00e4r troligen inte helt komplett. Med hj\u00e4lp av sammanst\u00e4llningen har vi gjort n\u00e5gra diagram som kan vara intressanta. Listan inneh\u00e5ller mycket intressant l\u00e4sning.<\/p>\n\n\n\n<p><a href=\"https:\/\/staging.bjorkoarholma.se\/wp-content\/uploads\/2024\/03\/Fartygsolyckor.pdf\" target=\"_blank\" rel=\"noopener\" title=\"\"><strong>Lista p\u00e5 fartygsolyckor<\/strong><\/a><\/p>\n<\/div><figure class=\"wp-block-media-text__media\"><img fetchpriority=\"high\" decoding=\"async\" width=\"1024\" height=\"684\" src=\"https:\/\/staging.bjorkoarholma.se\/wp-content\/uploads\/2024\/02\/Bilder_bygden-5-1024x684.jpg\" alt=\"\" class=\"wp-image-2645 size-full\" srcset=\"https:\/\/staging.bjorkoarholma.se\/wp-content\/uploads\/2024\/02\/Bilder_bygden-5-1024x684.jpg 1024w, https:\/\/staging.bjorkoarholma.se\/wp-content\/uploads\/2024\/02\/Bilder_bygden-5-300x200.jpg 300w, https:\/\/staging.bjorkoarholma.se\/wp-content\/uploads\/2024\/02\/Bilder_bygden-5-768x513.jpg 768w, https:\/\/staging.bjorkoarholma.se\/wp-content\/uploads\/2024\/02\/Bilder_bygden-5-1536x1025.jpg 1536w, https:\/\/staging.bjorkoarholma.se\/wp-content\/uploads\/2024\/02\/Bilder_bygden-5-640x427.jpg 640w, https:\/\/staging.bjorkoarholma.se\/wp-content\/uploads\/2024\/02\/Bilder_bygden-5.jpg 1600w\" sizes=\"(max-width: 1024px) 100vw, 1024px\" \/><\/figure><\/div>\n\n\n\n<div class=\"wp-block-media-text has-media-on-the-right is-stacked-on-mobile\" style=\"grid-template-columns:auto 60%\"><div class=\"wp-block-media-text__content\">\n<p>Till h\u00f6ger ser du en sammanst\u00e4llning av antalet olyckor respektive \u00e5r i materialet. En topp \u00e4r tydlig 1865- 1870 d\u00e5 m\u00e5nga olyckor intr\u00e4ffade varje \u00e5r. 11-14 november 1872 drog en kraftig storm \u00f6ver \u00d6stersj\u00f6n, d\u00e4r m\u00e5nga roslagsskutor gick i kvav, men i andra delar av \u00d6stersj\u00f6n. Den 30:e maj 1890 kom en v\u00e5rstorm som ledde till 3 st fartygsolyckor.<\/p>\n<\/div><figure class=\"wp-block-media-text__media\"><img decoding=\"async\" width=\"816\" height=\"470\" src=\"https:\/\/staging.bjorkoarholma.se\/wp-content\/uploads\/2024\/02\/Ar-olyckor-1.png\" alt=\"\" class=\"wp-image-2778 size-full\" srcset=\"https:\/\/staging.bjorkoarholma.se\/wp-content\/uploads\/2024\/02\/Ar-olyckor-1.png 816w, https:\/\/staging.bjorkoarholma.se\/wp-content\/uploads\/2024\/02\/Ar-olyckor-1-300x173.png 300w, https:\/\/staging.bjorkoarholma.se\/wp-content\/uploads\/2024\/02\/Ar-olyckor-1-768x442.png 768w, https:\/\/staging.bjorkoarholma.se\/wp-content\/uploads\/2024\/02\/Ar-olyckor-1-640x369.png 640w\" sizes=\"(max-width: 816px) 100vw, 816px\" \/><\/figure><\/div>\n\n\n\n<div class=\"wp-block-media-text has-media-on-the-right is-stacked-on-mobile is-vertically-aligned-top\" style=\"grid-template-columns:auto 58%\"><div class=\"wp-block-media-text__content\">\n<p>I detta diagram ser du hur olyckorna f\u00f6rdelas \u00f6ver \u00e5rets m\u00e5nader. H\u00e4r ser man tydligt att fartygen l\u00e5g i hamn under vinterperioden d\u00e4r det inte skett n\u00e5gon olycka under februari. Man kan f\u00f6rst\u00e5 att det sista resorna p\u00e5 h\u00f6sten f\u00f6re vinteruppeh\u00e5llet var riskfyllda.<\/p>\n<\/div><figure class=\"wp-block-media-text__media\"><img decoding=\"async\" width=\"773\" height=\"408\" src=\"https:\/\/staging.bjorkoarholma.se\/wp-content\/uploads\/2024\/02\/Manad-olyckor.png\" alt=\"\" class=\"wp-image-2780 size-full\" srcset=\"https:\/\/staging.bjorkoarholma.se\/wp-content\/uploads\/2024\/02\/Manad-olyckor.png 773w, https:\/\/staging.bjorkoarholma.se\/wp-content\/uploads\/2024\/02\/Manad-olyckor-300x158.png 300w, https:\/\/staging.bjorkoarholma.se\/wp-content\/uploads\/2024\/02\/Manad-olyckor-768x405.png 768w, https:\/\/staging.bjorkoarholma.se\/wp-content\/uploads\/2024\/02\/Manad-olyckor-640x338.png 640w\" sizes=\"(max-width: 773px) 100vw, 773px\" \/><\/figure><\/div>\n","protected":false},"excerpt":{"rendered":"<p>Under h\u00f6sten och vintern 2021 gick Jerker Persson igenom Kungliga Bibliotekets databas&nbsp;Sveriges dagstidningar&nbsp;n\u00e4r han s\u00f6kte efter underlag till V\u00e5ra \u00d6ar nr 25. Under arbetet uppt\u00e4ckte han att det intr\u00e4ffat m\u00e5nga fartygsolyckor i v\u00e5ra farvatten. Den lista han sammanst\u00e4llde inneh\u00e5ller ett sextiotal olyckor, men \u00e4r&#8230;<\/p>\n","protected":false},"author":5,"featured_media":0,"parent":0,"menu_order":0,"comment_status":"closed","ping_status":"closed","template":"","meta":{"_monsterinsights_skip_tracking":false,"_monsterinsights_sitenote_active":false,"_monsterinsights_sitenote_note":"","_monsterinsights_sitenote_category":0,"footnotes":""},"class_list":["post-2775","page","type-page","status-publish","hentry"],"aioseo_notices":[],"_links":{"self":[{"href":"https:\/\/staging.bjorkoarholma.se\/index.php?rest_route=\/wp\/v2\/pages\/2775","targetHints":{"allow":["GET"]}}],"collection":[{"href":"https:\/\/staging.bjorkoarholma.se\/index.php?rest_route=\/wp\/v2\/pages"}],"about":[{"href":"https:\/\/staging.bjorkoarholma.se\/index.php?rest_route=\/wp\/v2\/types\/page"}],"author":[{"embeddable":true,"href":"https:\/\/staging.bjorkoarholma.se\/index.php?rest_route=\/wp\/v2\/users\/5"}],"replies":[{"embeddable":true,"href":"https:\/\/staging.bjorkoarholma.se\/index.php?rest_route=%2Fwp%2Fv2%2Fcomments&post=2775"}],"version-history":[{"count":11,"href":"https:\/\/staging.bjorkoarholma.se\/index.php?rest_route=\/wp\/v2\/pages\/2775\/revisions"}],"predecessor-version":[{"id":3263,"href":"https:\/\/staging.bjorkoarholma.se\/index.php?rest_route=\/wp\/v2\/pages\/2775\/revisions\/3263"}],"wp:attachment":[{"href":"https:\/\/staging.bjorkoarholma.se\/index.php?rest_route=%2Fwp%2Fv2%2Fmedia&parent=2775"}],"curies":[{"name":"wp","href":"https:\/\/api.w.org\/{rel}","templated":true}]}}