{"id":2853,"date":"2024-02-20T23:30:54","date_gmt":"2024-02-20T23:30:54","guid":{"rendered":"https:\/\/staging.bjorkoarholma.se\/?page_id=2853"},"modified":"2024-02-27T14:38:52","modified_gmt":"2024-02-27T14:38:52","slug":"gamla-bilder-berattar","status":"publish","type":"page","link":"https:\/\/staging.bjorkoarholma.se\/?page_id=2853","title":{"rendered":"Gamla bilder ber\u00e4ttar"},"content":{"rendered":"\n<div class=\"wp-block-media-text has-media-on-the-right is-stacked-on-mobile\" style=\"grid-template-columns:auto 63%\"><div class=\"wp-block-media-text__content\">\n<p>Hembygdsf\u00f6reningen \u00e4r intresserad av gamla bilder fr\u00e5n trakten. Dessa inneh\u00e5ller ledtr\u00e5dar om vad som tilldragit sig i bygden historiskt. Vi medverkar ocks\u00e5 i ett projekt f\u00f6r att digitalisera och bevara gamla bilder f\u00f6r efterv\u00e4rlden i samverkan med Stockholms museum.<\/p>\n\n\n\n<p><strong><a href=\"https:\/\/samlingar.stockholmslansmuseum.se\/?collections=Bj%C3%B6rk%C3%B6-Arholma%20Hembygdsf%C3%B6rening\">Till det digitala bildarkivet<\/a><\/strong><\/p>\n<\/div><figure class=\"wp-block-media-text__media\"><img fetchpriority=\"high\" decoding=\"async\" width=\"1024\" height=\"683\" src=\"https:\/\/staging.bjorkoarholma.se\/wp-content\/uploads\/2024\/02\/Gamla-bilder-1-1024x683.jpg\" alt=\"\" class=\"wp-image-2854 size-full\" srcset=\"https:\/\/staging.bjorkoarholma.se\/wp-content\/uploads\/2024\/02\/Gamla-bilder-1-1024x683.jpg 1024w, https:\/\/staging.bjorkoarholma.se\/wp-content\/uploads\/2024\/02\/Gamla-bilder-1-300x200.jpg 300w, https:\/\/staging.bjorkoarholma.se\/wp-content\/uploads\/2024\/02\/Gamla-bilder-1-768x512.jpg 768w, https:\/\/staging.bjorkoarholma.se\/wp-content\/uploads\/2024\/02\/Gamla-bilder-1-1536x1024.jpg 1536w, https:\/\/staging.bjorkoarholma.se\/wp-content\/uploads\/2024\/02\/Gamla-bilder-1-640x427.jpg 640w, https:\/\/staging.bjorkoarholma.se\/wp-content\/uploads\/2024\/02\/Gamla-bilder-1.jpg 1600w\" sizes=\"(max-width: 1024px) 100vw, 1024px\" \/><\/figure><\/div>\n","protected":false},"excerpt":{"rendered":"<p>Hembygdsf\u00f6reningen \u00e4r intresserad av gamla bilder fr\u00e5n trakten. Dessa inneh\u00e5ller ledtr\u00e5dar om vad som tilldragit sig i bygden historiskt. Vi medverkar ocks\u00e5 i ett projekt f\u00f6r att digitalisera och bevara gamla bilder f\u00f6r efterv\u00e4rlden i samverkan med Stockholms museum. Till det digitala bildarkivet<\/p>\n","protected":false},"author":5,"featured_media":0,"parent":0,"menu_order":0,"comment_status":"closed","ping_status":"closed","template":"","meta":{"_monsterinsights_skip_tracking":false,"_monsterinsights_sitenote_active":false,"_monsterinsights_sitenote_note":"","_monsterinsights_sitenote_category":0,"footnotes":""},"class_list":["post-2853","page","type-page","status-publish","hentry"],"aioseo_notices":[],"_links":{"self":[{"href":"https:\/\/staging.bjorkoarholma.se\/index.php?rest_route=\/wp\/v2\/pages\/2853","targetHints":{"allow":["GET"]}}],"collection":[{"href":"https:\/\/staging.bjorkoarholma.se\/index.php?rest_route=\/wp\/v2\/pages"}],"about":[{"href":"https:\/\/staging.bjorkoarholma.se\/index.php?rest_route=\/wp\/v2\/types\/page"}],"author":[{"embeddable":true,"href":"https:\/\/staging.bjorkoarholma.se\/index.php?rest_route=\/wp\/v2\/users\/5"}],"replies":[{"embeddable":true,"href":"https:\/\/staging.bjorkoarholma.se\/index.php?rest_route=%2Fwp%2Fv2%2Fcomments&post=2853"}],"version-history":[{"count":5,"href":"https:\/\/staging.bjorkoarholma.se\/index.php?rest_route=\/wp\/v2\/pages\/2853\/revisions"}],"predecessor-version":[{"id":3097,"href":"https:\/\/staging.bjorkoarholma.se\/index.php?rest_route=\/wp\/v2\/pages\/2853\/revisions\/3097"}],"wp:attachment":[{"href":"https:\/\/staging.bjorkoarholma.se\/index.php?rest_route=%2Fwp%2Fv2%2Fmedia&parent=2853"}],"curies":[{"name":"wp","href":"https:\/\/api.w.org\/{rel}","templated":true}]}}