{"id":2888,"date":"2024-02-21T17:20:22","date_gmt":"2024-02-21T17:20:22","guid":{"rendered":"https:\/\/staging.bjorkoarholma.se\/?page_id=2888"},"modified":"2024-03-15T22:20:32","modified_gmt":"2024-03-15T22:20:32","slug":"arsmote-2023","status":"publish","type":"page","link":"https:\/\/staging.bjorkoarholma.se\/?page_id=2888","title":{"rendered":"\u00c5rsm\u00f6te 2023"},"content":{"rendered":"\n<h1 class=\"wp-block-heading\">V\u00e4lkommen till \u00e5rsm\u00f6te 2023<\/h1>\n\n\n\n<p><strong>Onsdag 12 juli kl 19<\/strong><br>Hembygdsg\u00e5rden<br>Stora Marumsv\u00e4gen 13<\/p>\n\n\n\n<p>Alla medlemmar \u00e4r v\u00e4lkomna.<\/p>\n\n\n\n<h3 class=\"wp-block-heading\">Handlingar inf\u00f6r \u00e5rsm\u00f6tet:<\/h3>\n\n\n\n<p>Klicka p\u00e5 l\u00e4nken och ladda ner som PDF:<\/p>\n\n\n\n<p><a href=\"https:\/\/bjorkoarholma.se\/wp-content\/uploads\/2023\/07\/Arsbokslut-2022.pdf\" target=\"_blank\" rel=\"noopener\" title=\"\">\u00c5rsbokslut 2022<\/a><\/p>\n\n\n\n<p><a href=\"https:\/\/bjorkoarholma.se\/wp-content\/uploads\/2023\/07\/Verksamhetsberattelse-2022-1.pdf\" target=\"_blank\" rel=\"noopener\" title=\"\">Verksamhetsber\u00e4ttelse 2022<\/a><\/p>\n\n\n\n<p><a href=\"https:\/\/bjorkoarholma.se\/wp-content\/uploads\/2023\/07\/Kallelse-arsmote-2023.pdf\" target=\"_blank\" rel=\"noopener\" title=\"\">Kallelse 2023<\/a><\/p>\n\n\n\n<h2 class=\"wp-block-heading\">Protokoll efter \u00e5rsm\u00f6te:<\/h2>\n\n\n\n<p><a href=\"https:\/\/staging.bjorkoarholma.se\/wp-content\/uploads\/2024\/03\/Protokoll-arsmote-BAHF-2023.pdf\" target=\"_blank\" rel=\"noopener\" title=\"\">Protokoll 2023<\/a><\/p>\n","protected":false},"excerpt":{"rendered":"<p>V\u00e4lkommen till \u00e5rsm\u00f6te 2023 Onsdag 12 juli kl 19Hembygdsg\u00e5rdenStora Marumsv\u00e4gen 13 Alla medlemmar \u00e4r v\u00e4lkomna. Handlingar inf\u00f6r \u00e5rsm\u00f6tet: Klicka p\u00e5 l\u00e4nken och ladda ner som PDF: \u00c5rsbokslut 2022 Verksamhetsber\u00e4ttelse 2022 Kallelse 2023 Protokoll efter \u00e5rsm\u00f6te: Protokoll 2023<\/p>\n","protected":false},"author":5,"featured_media":0,"parent":0,"menu_order":0,"comment_status":"closed","ping_status":"closed","template":"","meta":{"_monsterinsights_skip_tracking":false,"_monsterinsights_sitenote_active":false,"_monsterinsights_sitenote_note":"","_monsterinsights_sitenote_category":0,"footnotes":""},"class_list":["post-2888","page","type-page","status-publish","hentry"],"aioseo_notices":[],"_links":{"self":[{"href":"https:\/\/staging.bjorkoarholma.se\/index.php?rest_route=\/wp\/v2\/pages\/2888","targetHints":{"allow":["GET"]}}],"collection":[{"href":"https:\/\/staging.bjorkoarholma.se\/index.php?rest_route=\/wp\/v2\/pages"}],"about":[{"href":"https:\/\/staging.bjorkoarholma.se\/index.php?rest_route=\/wp\/v2\/types\/page"}],"author":[{"embeddable":true,"href":"https:\/\/staging.bjorkoarholma.se\/index.php?rest_route=\/wp\/v2\/users\/5"}],"replies":[{"embeddable":true,"href":"https:\/\/staging.bjorkoarholma.se\/index.php?rest_route=%2Fwp%2Fv2%2Fcomments&post=2888"}],"version-history":[{"count":5,"href":"https:\/\/staging.bjorkoarholma.se\/index.php?rest_route=\/wp\/v2\/pages\/2888\/revisions"}],"predecessor-version":[{"id":3302,"href":"https:\/\/staging.bjorkoarholma.se\/index.php?rest_route=\/wp\/v2\/pages\/2888\/revisions\/3302"}],"wp:attachment":[{"href":"https:\/\/staging.bjorkoarholma.se\/index.php?rest_route=%2Fwp%2Fv2%2Fmedia&parent=2888"}],"curies":[{"name":"wp","href":"https:\/\/api.w.org\/{rel}","templated":true}]}}