{"id":2892,"date":"2024-02-21T17:24:13","date_gmt":"2024-02-21T17:24:13","guid":{"rendered":"https:\/\/staging.bjorkoarholma.se\/?page_id=2892"},"modified":"2024-03-15T22:07:31","modified_gmt":"2024-03-15T22:07:31","slug":"arsmote-2021-2","status":"publish","type":"page","link":"https:\/\/staging.bjorkoarholma.se\/?page_id=2892","title":{"rendered":"\u00c5rsm\u00f6te 2021"},"content":{"rendered":"\n<h1 class=\"wp-block-heading\">V\u00e4lkommen till \u00e5rsm\u00f6te 2021<\/h1>\n\n\n\n<p>M\u00e5nga f\u00f6reningar har haft digitala \u00e5rsm\u00f6ten under v\u00e5ren, vi hoppas att v\u00e5rt \u00e5rsm\u00f6te i juli ska kunna bli fysiskt och h\u00e5llas p\u00e5 hembygdsg\u00e5rden, kanske utomhus, annars inne som vanligt.<strong><br>Onsdag 14 juli kl 19<\/strong><br>Hembygdsg\u00e5rden<br>Stora Marumsv\u00e4gen 13<\/p>\n\n\n\n<p>Alla medlemmar \u00e4r v\u00e4lkomna.<\/p>\n\n\n\n<h4 class=\"wp-block-heading\">Handlingar inf\u00f6r \u00e5rsm\u00f6tet:<\/h4>\n\n\n\n<p>Klicka p\u00e5 l\u00e4nken och ladda ner som PDF:<\/p>\n\n\n\n<p><a href=\"https:\/\/staging.bjorkoarholma.se\/wp-content\/uploads\/2024\/03\/Kallelse-arsmote-2021.pdf\" target=\"_blank\" rel=\"noopener\" title=\"\">Kallelse \u00e5rsm\u00f6te 2021<\/a><\/p>\n\n\n\n<p><a href=\"https:\/\/staging.bjorkoarholma.se\/wp-content\/uploads\/2024\/03\/Verksamhetsberattelse-2020.pdf\" target=\"_blank\" rel=\"noopener\" title=\"\">Verksamhetsber\u00e4ttelse 2020<\/a><\/p>\n\n\n\n<h4 class=\"wp-block-heading\">Protokoll fr\u00e5n m\u00f6tet<\/h4>\n\n\n\n<p><a href=\"https:\/\/staging.bjorkoarholma.se\/wp-content\/uploads\/2024\/03\/Protokoll-arsmote-BAHF-2021.pdf\" target=\"_blank\" rel=\"noopener\" title=\"\">Protokoll \u00e5rsm\u00f6te BAHF 2021<\/a><\/p>\n","protected":false},"excerpt":{"rendered":"<p>V\u00e4lkommen till \u00e5rsm\u00f6te 2021 M\u00e5nga f\u00f6reningar har haft digitala \u00e5rsm\u00f6ten under v\u00e5ren, vi hoppas att v\u00e5rt \u00e5rsm\u00f6te i juli ska kunna bli fysiskt och h\u00e5llas p\u00e5 hembygdsg\u00e5rden, kanske utomhus, annars inne som vanligt.Onsdag 14 juli kl 19Hembygdsg\u00e5rdenStora Marumsv\u00e4gen 13 Alla medlemmar \u00e4r v\u00e4lkomna. Handlingar&#8230;<\/p>\n","protected":false},"author":5,"featured_media":0,"parent":0,"menu_order":0,"comment_status":"closed","ping_status":"closed","template":"","meta":{"_monsterinsights_skip_tracking":false,"_monsterinsights_sitenote_active":false,"_monsterinsights_sitenote_note":"","_monsterinsights_sitenote_category":0,"footnotes":""},"class_list":["post-2892","page","type-page","status-publish","hentry"],"aioseo_notices":[],"_links":{"self":[{"href":"https:\/\/staging.bjorkoarholma.se\/index.php?rest_route=\/wp\/v2\/pages\/2892","targetHints":{"allow":["GET"]}}],"collection":[{"href":"https:\/\/staging.bjorkoarholma.se\/index.php?rest_route=\/wp\/v2\/pages"}],"about":[{"href":"https:\/\/staging.bjorkoarholma.se\/index.php?rest_route=\/wp\/v2\/types\/page"}],"author":[{"embeddable":true,"href":"https:\/\/staging.bjorkoarholma.se\/index.php?rest_route=\/wp\/v2\/users\/5"}],"replies":[{"embeddable":true,"href":"https:\/\/staging.bjorkoarholma.se\/index.php?rest_route=%2Fwp%2Fv2%2Fcomments&post=2892"}],"version-history":[{"count":4,"href":"https:\/\/staging.bjorkoarholma.se\/index.php?rest_route=\/wp\/v2\/pages\/2892\/revisions"}],"predecessor-version":[{"id":3294,"href":"https:\/\/staging.bjorkoarholma.se\/index.php?rest_route=\/wp\/v2\/pages\/2892\/revisions\/3294"}],"wp:attachment":[{"href":"https:\/\/staging.bjorkoarholma.se\/index.php?rest_route=%2Fwp%2Fv2%2Fmedia&parent=2892"}],"curies":[{"name":"wp","href":"https:\/\/api.w.org\/{rel}","templated":true}]}}