{"id":2896,"date":"2024-02-21T17:43:25","date_gmt":"2024-02-21T17:43:25","guid":{"rendered":"https:\/\/staging.bjorkoarholma.se\/?page_id=2896"},"modified":"2024-03-15T22:02:24","modified_gmt":"2024-03-15T22:02:24","slug":"arsmote-2020","status":"publish","type":"page","link":"https:\/\/staging.bjorkoarholma.se\/?page_id=2896","title":{"rendered":"\u00c5rsm\u00f6te 2020"},"content":{"rendered":"\n<h1 class=\"wp-block-heading\">\u00c5rsm\u00f6te 2020, handlingar<\/h1>\n\n\n\n<p>V\u00e4lkomna till Hembygdsf\u00f6reningens \u00e5rsm\u00f6te i hembygdsg\u00e5rden den 1 juli kl 19-21<br>I \u00e5r tr\u00e4ffas vi utomhus s\u00e5 kl\u00e4 er efter v\u00e4der och t\u00e4nk p\u00e5 myggen.<br>Vi har ett tema, Hembygdsg\u00e5rden, vi vill ber\u00e4tta om g\u00e5rdens historia och vilka tankar vi har om hembygdsg\u00e5rden som m\u00f6tesplats f\u00f6r bj\u00f6rk\u00f6bor.<br>Programmet i \u00f6vrigt inneh\u00e5ller sedvanliga \u00e5rsm\u00f6tesf\u00f6rhandlingar, men inget fika.<\/p>\n\n\n\n<h3 class=\"wp-block-heading\">Handlingar att ladda ner<\/h3>\n\n\n\n<hr class=\"wp-block-separator has-alpha-channel-opacity\"\/>\n\n\n\n<p><a href=\"https:\/\/staging.bjorkoarholma.se\/wp-content\/uploads\/2024\/03\/Kallelse-arsmote-2019.pdf\" target=\"_blank\" rel=\"noopener\" title=\"\">Kallelse 2020<\/a><\/p>\n\n\n\n<p><a href=\"https:\/\/staging.bjorkoarholma.se\/wp-content\/uploads\/2024\/03\/Verksamhetsberattelse-2019-.pdf\" target=\"_blank\" rel=\"noopener\" title=\"\">Hembygdsf\u00f6reningens verksamhetsber\u00e4ttelse 2019<\/a><\/p>\n\n\n\n<h2 class=\"wp-block-heading\">Protokoll efter \u00e5rsm\u00f6te<\/h2>\n\n\n\n<p><a href=\"https:\/\/staging.bjorkoarholma.se\/wp-content\/uploads\/2024\/03\/Protokoll-arsmote-BAHF-2020.pdf\" target=\"_blank\" rel=\"noopener\" title=\"\">Protokoll 2020<\/a><\/p>\n\n\n\n<p><\/p>\n","protected":false},"excerpt":{"rendered":"<p>\u00c5rsm\u00f6te 2020, handlingar V\u00e4lkomna till Hembygdsf\u00f6reningens \u00e5rsm\u00f6te i hembygdsg\u00e5rden den 1 juli kl 19-21I \u00e5r tr\u00e4ffas vi utomhus s\u00e5 kl\u00e4 er efter v\u00e4der och t\u00e4nk p\u00e5 myggen.Vi har ett tema, Hembygdsg\u00e5rden, vi vill ber\u00e4tta om g\u00e5rdens historia och vilka tankar vi har om hembygdsg\u00e5rden&#8230;<\/p>\n","protected":false},"author":5,"featured_media":0,"parent":0,"menu_order":0,"comment_status":"closed","ping_status":"closed","template":"","meta":{"_monsterinsights_skip_tracking":false,"_monsterinsights_sitenote_active":false,"_monsterinsights_sitenote_note":"","_monsterinsights_sitenote_category":0,"footnotes":""},"class_list":["post-2896","page","type-page","status-publish","hentry"],"aioseo_notices":[],"_links":{"self":[{"href":"https:\/\/staging.bjorkoarholma.se\/index.php?rest_route=\/wp\/v2\/pages\/2896","targetHints":{"allow":["GET"]}}],"collection":[{"href":"https:\/\/staging.bjorkoarholma.se\/index.php?rest_route=\/wp\/v2\/pages"}],"about":[{"href":"https:\/\/staging.bjorkoarholma.se\/index.php?rest_route=\/wp\/v2\/types\/page"}],"author":[{"embeddable":true,"href":"https:\/\/staging.bjorkoarholma.se\/index.php?rest_route=\/wp\/v2\/users\/5"}],"replies":[{"embeddable":true,"href":"https:\/\/staging.bjorkoarholma.se\/index.php?rest_route=%2Fwp%2Fv2%2Fcomments&post=2896"}],"version-history":[{"count":5,"href":"https:\/\/staging.bjorkoarholma.se\/index.php?rest_route=\/wp\/v2\/pages\/2896\/revisions"}],"predecessor-version":[{"id":3291,"href":"https:\/\/staging.bjorkoarholma.se\/index.php?rest_route=\/wp\/v2\/pages\/2896\/revisions\/3291"}],"wp:attachment":[{"href":"https:\/\/staging.bjorkoarholma.se\/index.php?rest_route=%2Fwp%2Fv2%2Fmedia&parent=2896"}],"curies":[{"name":"wp","href":"https:\/\/api.w.org\/{rel}","templated":true}]}}