{"id":2919,"date":"2024-02-22T16:38:15","date_gmt":"2024-02-22T16:38:15","guid":{"rendered":"https:\/\/staging.bjorkoarholma.se\/?page_id=2919"},"modified":"2024-02-28T18:19:53","modified_gmt":"2024-02-28T18:19:53","slug":"bli-medlem","status":"publish","type":"page","link":"https:\/\/staging.bjorkoarholma.se\/?page_id=2919","title":{"rendered":"Bli medlem"},"content":{"rendered":"\n<p>Genom att bli medlem st\u00f6djer du f\u00f6reningen och bidrag till att vi forts\u00e4ttningsvis kan bjuda p\u00e5 ett utbud av aktiviteter.<\/p>\n\n\n\n<p>Kostnaden \u00e4r 200 :- \/\u00e5r och 50:-\/familjemedlem.<\/p>\n\n\n\n<h4 class=\"wp-block-heading\">Anm\u00e4l dig som medlem.<\/h4>\n\n\n\n<p>Medhj\u00e4lp av l\u00e4nken nedan kommer du till ett formul\u00e4r d\u00e4r du l\u00e4mnar uppgifter f\u00f6r att bli medlem i f\u00f6reningen. N\u00e4r du anm\u00e4lt dig som ny medlem nedan f\u00e5r du en faktura p\u00e5 avgiften p\u00e5 den mail adress du angivit.  Vi vill g\u00e4rna att ni fyller i  f\u00f6delsedatum f\u00f6r personer som \u00e4r under 25 \u00e5r. Orsaken till detta \u00e4r att vi beh\u00f6ver kunna s\u00e4rskilja v\u00e5ra yngre f\u00f6rm\u00e5gor d\u00e5 det beh\u00f6vs f\u00f6r bidragsans\u00f6kningar mm.  <\/p>\n\n\n\n<div class=\"wp-block-buttons is-layout-flex wp-block-buttons-is-layout-flex\">\n<div class=\"wp-block-button\"><a class=\"wp-block-button__link wp-element-button\" href=\"https:\/\/www.zynatic.se\/medlemsregister_implementation\/medlemsregister\/uppdatera_medlemsregister.php?ny=1&amp;conf=\/home\/zynatic\/public_html\/medlemsregister_configuration\/zm0034\/&amp;file=https%3A%2F%2Fbjorkoarholma.se%2F\" target=\"_blank\" rel=\"noreferrer noopener\">Anm\u00e4lan som medlem<\/a><\/div>\n<\/div>\n\n\n\n<figure class=\"wp-block-image size-large\"><img fetchpriority=\"high\" decoding=\"async\" width=\"1024\" height=\"684\" src=\"https:\/\/staging.bjorkoarholma.se\/wp-content\/uploads\/2024\/02\/Bilder_bygden-40-1024x684.jpg\" alt=\"\" class=\"wp-image-2691\" srcset=\"https:\/\/staging.bjorkoarholma.se\/wp-content\/uploads\/2024\/02\/Bilder_bygden-40-1024x684.jpg 1024w, https:\/\/staging.bjorkoarholma.se\/wp-content\/uploads\/2024\/02\/Bilder_bygden-40-300x200.jpg 300w, https:\/\/staging.bjorkoarholma.se\/wp-content\/uploads\/2024\/02\/Bilder_bygden-40-768x513.jpg 768w, https:\/\/staging.bjorkoarholma.se\/wp-content\/uploads\/2024\/02\/Bilder_bygden-40-1536x1025.jpg 1536w, https:\/\/staging.bjorkoarholma.se\/wp-content\/uploads\/2024\/02\/Bilder_bygden-40-640x427.jpg 640w, https:\/\/staging.bjorkoarholma.se\/wp-content\/uploads\/2024\/02\/Bilder_bygden-40.jpg 1600w\" sizes=\"(max-width: 1024px) 100vw, 1024px\" \/><\/figure>\n\n\n\n<h2 class=\"wp-block-heading\">\u00c4ndra dina uppgifter\/ kontrollera uppgifterna<\/h2>\n\n\n\n<p>Medhj\u00e4lp av knapparna nedan kan du sj\u00e4lv g\u00e5 in och kontrollera\/ \u00e4ndra dina uppgifter. <\/p>\n\n\n\n<p><em>Anv\u00e4ndarnamn<\/em> \u00e4r som regel din mailadress. Skulle du ha gl\u00f6mt ditt l\u00f6senord (vilket \u00e4r fullt naturligt i den l\u00f6senordsdjungel vi har till vardags) s\u00e5 \u00e4r det bara att klicka p\u00e5 &#8221;gl\u00f6mt l\u00f6senord&#8221; s\u00e5 kommer ett nytt i din mail. N\u00e4r du g\u00e5tt in med detta l\u00f6senord kan du \u00e4ndra till n\u00e5got du kanske kommer ih\u00e5g.<\/p>\n\n\n\n<p>H\u00e4r kan du sedan justera uppgifter som tex ny adress etc. Under knapparna ser du hur formul\u00e4ret ser ut.<\/p>\n\n\n\n<div class=\"wp-block-buttons is-layout-flex wp-block-buttons-is-layout-flex\">\n<div class=\"wp-block-button\"><a class=\"wp-block-button__link wp-element-button\" href=\"https:\/\/www.zynatic.se\/medlemsregister\/zm0034\/zynatic_medlemsregister\/medlemsdatafamilj.php\" target=\"_blank\" rel=\"noreferrer noopener\">Min information<\/a><\/div>\n\n\n\n<div class=\"wp-block-button\"><a class=\"wp-block-button__link wp-element-button\" href=\"https:\/\/www.zynatic.se\/medlemsregister\/zm0034\/zynatic_medlemsregister\/uppdatera_medlemsregister.php\" target=\"_blank\" rel=\"noreferrer noopener\">\u00c4ndra mina uppgifter<\/a><\/div>\n<\/div>\n\n\n\n<figure class=\"wp-block-image size-large\"><img decoding=\"async\" width=\"775\" height=\"1024\" src=\"https:\/\/staging.bjorkoarholma.se\/wp-content\/uploads\/2024\/02\/Medlemsreg-775x1024.png\" alt=\"\" class=\"wp-image-3100\" srcset=\"https:\/\/staging.bjorkoarholma.se\/wp-content\/uploads\/2024\/02\/Medlemsreg-775x1024.png 775w, https:\/\/staging.bjorkoarholma.se\/wp-content\/uploads\/2024\/02\/Medlemsreg-227x300.png 227w, https:\/\/staging.bjorkoarholma.se\/wp-content\/uploads\/2024\/02\/Medlemsreg-768x1015.png 768w, https:\/\/staging.bjorkoarholma.se\/wp-content\/uploads\/2024\/02\/Medlemsreg-1162x1536.png 1162w, https:\/\/staging.bjorkoarholma.se\/wp-content\/uploads\/2024\/02\/Medlemsreg-484x640.png 484w, https:\/\/staging.bjorkoarholma.se\/wp-content\/uploads\/2024\/02\/Medlemsreg.png 1320w\" sizes=\"(max-width: 775px) 100vw, 775px\" \/><figcaption class=\"wp-element-caption\">Observera f\u00f6delsedatum \u00e4r frivilligt men ni hj\u00e4lper oss mycket med bidragshantering mm  om ni fyller i f\u00f6delse datum f\u00f6r medlemmar under 25 \u00e5r..<\/figcaption><\/figure>\n","protected":false},"excerpt":{"rendered":"<p>Genom att bli medlem st\u00f6djer du f\u00f6reningen och bidrag till att vi forts\u00e4ttningsvis kan bjuda p\u00e5 ett utbud av aktiviteter. Kostnaden \u00e4r 200 :- \/\u00e5r och 50:-\/familjemedlem. Anm\u00e4l dig som medlem. Medhj\u00e4lp av l\u00e4nken nedan kommer du till ett formul\u00e4r d\u00e4r du l\u00e4mnar uppgifter&#8230;<\/p>\n","protected":false},"author":5,"featured_media":0,"parent":0,"menu_order":0,"comment_status":"closed","ping_status":"closed","template":"","meta":{"_monsterinsights_skip_tracking":false,"_monsterinsights_sitenote_active":false,"_monsterinsights_sitenote_note":"","_monsterinsights_sitenote_category":0,"footnotes":""},"class_list":["post-2919","page","type-page","status-publish","hentry"],"aioseo_notices":[],"_links":{"self":[{"href":"https:\/\/staging.bjorkoarholma.se\/index.php?rest_route=\/wp\/v2\/pages\/2919","targetHints":{"allow":["GET"]}}],"collection":[{"href":"https:\/\/staging.bjorkoarholma.se\/index.php?rest_route=\/wp\/v2\/pages"}],"about":[{"href":"https:\/\/staging.bjorkoarholma.se\/index.php?rest_route=\/wp\/v2\/types\/page"}],"author":[{"embeddable":true,"href":"https:\/\/staging.bjorkoarholma.se\/index.php?rest_route=\/wp\/v2\/users\/5"}],"replies":[{"embeddable":true,"href":"https:\/\/staging.bjorkoarholma.se\/index.php?rest_route=%2Fwp%2Fv2%2Fcomments&post=2919"}],"version-history":[{"count":10,"href":"https:\/\/staging.bjorkoarholma.se\/index.php?rest_route=\/wp\/v2\/pages\/2919\/revisions"}],"predecessor-version":[{"id":3103,"href":"https:\/\/staging.bjorkoarholma.se\/index.php?rest_route=\/wp\/v2\/pages\/2919\/revisions\/3103"}],"wp:attachment":[{"href":"https:\/\/staging.bjorkoarholma.se\/index.php?rest_route=%2Fwp%2Fv2%2Fmedia&parent=2919"}],"curies":[{"name":"wp","href":"https:\/\/api.w.org\/{rel}","templated":true}]}}