{"id":2936,"date":"2024-02-22T17:45:12","date_gmt":"2024-02-22T17:45:12","guid":{"rendered":"https:\/\/staging.bjorkoarholma.se\/?page_id=2936"},"modified":"2024-03-12T22:20:23","modified_gmt":"2024-03-12T22:20:23","slug":"foreningar","status":"publish","type":"page","link":"https:\/\/staging.bjorkoarholma.se\/?page_id=2936","title":{"rendered":"F\u00f6reningar"},"content":{"rendered":"\n<p>Bj\u00f6rk\u00f6 har alltid varit en plats med ett rikt f\u00f6reningsliv. H\u00e4r startades skyttef\u00f6reningar, syf\u00f6reningar, byalag, och m\u00e5nga andra f\u00f6reningar i slutet av 1800-talet och i b\u00f6rjan av 1900-talet. En del av dessa f\u00f6reningar finns kvar \u00e4n idag och nya har tillkommit. Mellan dessa f\u00f6reningar finns ett gott samarbete d\u00e4r ofta arrangemang g\u00f6rs gemensamt. P\u00e5 denna sida ska vi kort presentera n\u00e5gra av dessa.    <\/p>\n\n\n\n<h4 class=\"wp-block-heading\">Bj\u00f6rk\u00f6 Arholma sj\u00f6mannaf\u00f6rening<\/h4>\n\n\n\n<div class=\"wp-block-media-text is-stacked-on-mobile is-vertically-aligned-top\"><figure class=\"wp-block-media-text__media\"><img fetchpriority=\"high\" decoding=\"async\" width=\"1024\" height=\"684\" src=\"https:\/\/staging.bjorkoarholma.se\/wp-content\/uploads\/2024\/02\/Bilder_bygden-60-1024x684.jpg\" alt=\"\" class=\"wp-image-2941 size-full\" srcset=\"https:\/\/staging.bjorkoarholma.se\/wp-content\/uploads\/2024\/02\/Bilder_bygden-60-1024x684.jpg 1024w, https:\/\/staging.bjorkoarholma.se\/wp-content\/uploads\/2024\/02\/Bilder_bygden-60-300x200.jpg 300w, https:\/\/staging.bjorkoarholma.se\/wp-content\/uploads\/2024\/02\/Bilder_bygden-60-768x513.jpg 768w, https:\/\/staging.bjorkoarholma.se\/wp-content\/uploads\/2024\/02\/Bilder_bygden-60-1536x1025.jpg 1536w, https:\/\/staging.bjorkoarholma.se\/wp-content\/uploads\/2024\/02\/Bilder_bygden-60-640x427.jpg 640w, https:\/\/staging.bjorkoarholma.se\/wp-content\/uploads\/2024\/02\/Bilder_bygden-60.jpg 1600w\" sizes=\"(max-width: 1024px) 100vw, 1024px\" \/><\/figure><div class=\"wp-block-media-text__content\">\n<p>Bj\u00f6rk\u00f6-Arholma Sj\u00f6manna bildades 1891 och dess syfte var \u201d<em>att \u00e5t sina medlemmar eller deras enkor och of\u00f6rs\u00f6rjda barn i behof och n\u00f6d lemna allt det underst\u00f6d, som f\u00f6reningens tillg\u00e5ngar medgifva<\/em>\u201d. <\/p>\n\n\n\n<p>Numera sysslar f\u00f6reningen med utveckling av det fina museet, och underh\u00e5ll av kvarnen i Marum. Man anordnar ocks\u00e5 &#8221;skepparaftnar&#8221; med intressanta f\u00f6redrag och utflykter.<\/p>\n\n\n\n<p><strong><a href=\"https:\/\/sjomanna.se\/\" target=\"_blank\" rel=\"noopener\" title=\"\">Hemsida<\/a><\/strong><a href=\"https:\/\/sjomanna.se\/\"><strong> <\/strong><\/a><\/p>\n<\/div><\/div>\n\n\n\n<h4 class=\"wp-block-heading\">Medborgarhusf\u00f6reningen<\/h4>\n\n\n\n<div class=\"wp-block-media-text is-stacked-on-mobile is-vertically-aligned-top\"><figure class=\"wp-block-media-text__media\"><img decoding=\"async\" width=\"768\" height=\"539\" src=\"https:\/\/staging.bjorkoarholma.se\/wp-content\/uploads\/2024\/02\/Medborgarhuset2.jpg\" alt=\"\" class=\"wp-image-2946 size-full\" srcset=\"https:\/\/staging.bjorkoarholma.se\/wp-content\/uploads\/2024\/02\/Medborgarhuset2.jpg 768w, https:\/\/staging.bjorkoarholma.se\/wp-content\/uploads\/2024\/02\/Medborgarhuset2-300x211.jpg 300w, https:\/\/staging.bjorkoarholma.se\/wp-content\/uploads\/2024\/02\/Medborgarhuset2-640x449.jpg 640w\" sizes=\"(max-width: 768px) 100vw, 768px\" \/><\/figure><div class=\"wp-block-media-text__content\">\n<p>Bj\u00f6rk\u00f6-Arholma Medborgarhusf\u00f6rening bildades 1957 d\u00e5 man k\u00f6pte medborgarhuset som finns mitt p\u00e5 Bj\u00f6rk\u00f6. F\u00f6reningen underh\u00e5ller lokalen och genomf\u00f6r exempelvis gympa, filmvisning  och olika typer av fester f\u00f6r bygden. Lokalen hyrs ocks\u00e5 ut till olika privata tillst\u00e4llningar. <\/p>\n\n\n\n<p><strong><a href=\"https:\/\/bygdegardarna.se\/bjorkoarholma\/om-bygdegarden\/\" target=\"_blank\" rel=\"noopener\" title=\"\">Hemsida<\/a><\/strong><\/p>\n<\/div><\/div>\n\n\n\n<h4 class=\"wp-block-heading\">Bj\u00f6rk\u00f6 teater<\/h4>\n\n\n\n<div class=\"wp-block-media-text is-stacked-on-mobile is-vertically-aligned-top\"><figure class=\"wp-block-media-text__media\"><img decoding=\"async\" width=\"1024\" height=\"684\" src=\"https:\/\/staging.bjorkoarholma.se\/wp-content\/uploads\/2024\/02\/Bilder_bygden-27-1024x684.jpg\" alt=\"\" class=\"wp-image-2675 size-full\" srcset=\"https:\/\/staging.bjorkoarholma.se\/wp-content\/uploads\/2024\/02\/Bilder_bygden-27-1024x684.jpg 1024w, https:\/\/staging.bjorkoarholma.se\/wp-content\/uploads\/2024\/02\/Bilder_bygden-27-300x200.jpg 300w, https:\/\/staging.bjorkoarholma.se\/wp-content\/uploads\/2024\/02\/Bilder_bygden-27-768x513.jpg 768w, https:\/\/staging.bjorkoarholma.se\/wp-content\/uploads\/2024\/02\/Bilder_bygden-27-1536x1025.jpg 1536w, https:\/\/staging.bjorkoarholma.se\/wp-content\/uploads\/2024\/02\/Bilder_bygden-27-640x427.jpg 640w, https:\/\/staging.bjorkoarholma.se\/wp-content\/uploads\/2024\/02\/Bilder_bygden-27.jpg 1600w\" sizes=\"(max-width: 1024px) 100vw, 1024px\" \/><\/figure><div class=\"wp-block-media-text__content\">\n<p>P\u00e5 Bj\u00f6rk\u00f6 finns en teatergrupp som under \u00e5ren bjudit p\u00e5 m\u00e5nga uppskattade f\u00f6rest\u00e4llningar. <\/p>\n\n\n\n<p><strong><a href=\"https:\/\/www.lustspel.se\/\">Hems<\/a><a href=\"https:\/\/www.lustspel.se\/\" target=\"_blank\" rel=\"noopener\" title=\"\">ida<\/a><\/strong><\/p>\n<\/div><\/div>\n\n\n\n<h4 class=\"wp-block-heading\">Bj\u00f6rk\u00f6 brandf\u00f6rsvarsf\u00f6rening<\/h4>\n\n\n\n<div class=\"wp-block-media-text is-stacked-on-mobile\"><figure class=\"wp-block-media-text__media\"><img loading=\"lazy\" decoding=\"async\" width=\"1000\" height=\"667\" src=\"https:\/\/staging.bjorkoarholma.se\/wp-content\/uploads\/2024\/02\/Brandforsvar.jpg\" alt=\"\" class=\"wp-image-3032 size-full\" srcset=\"https:\/\/staging.bjorkoarholma.se\/wp-content\/uploads\/2024\/02\/Brandforsvar.jpg 1000w, https:\/\/staging.bjorkoarholma.se\/wp-content\/uploads\/2024\/02\/Brandforsvar-300x200.jpg 300w, https:\/\/staging.bjorkoarholma.se\/wp-content\/uploads\/2024\/02\/Brandforsvar-768x512.jpg 768w, https:\/\/staging.bjorkoarholma.se\/wp-content\/uploads\/2024\/02\/Brandforsvar-640x427.jpg 640w\" sizes=\"(max-width: 1000px) 100vw, 1000px\" \/><\/figure><div class=\"wp-block-media-text__content\">\n<p>Bj\u00f6rk\u00f6 brandf\u00f6rsvarsf\u00f6rening \u00e4r en frivillig f\u00f6rening som organiserar ett lokalt brandf\u00f6rsvar p\u00e5 \u00f6n. Idag finns om kring 15 frivilliga brandm\u00e4n p\u00e5 \u00f6n som larmas via sms fr\u00e5n r\u00e4ddningstj\u00e4nsten. Dessa jobbar ofta p\u00e5 \u00f6n och har lokalk\u00e4nnedom. F\u00f6reningen har en mindre brandstation med en brandbil mm. Vid de br\u00e4nder som intr\u00e4ffat \u00e4r som regel denna grupp den f\u00f6rsta p\u00e5 plats som kan g\u00f6ra den viktiga f\u00f6rsta insatsen f\u00f6r att sedan f\u00e5 ytterligare resurser fr\u00e5n \u00c4lmsta brandstation.<\/p>\n\n\n\n<p><strong><a href=\"https:\/\/www.facebook.com\/profile.php?id=100063719224303\" target=\"_blank\" rel=\"noopener\" title=\"\">Facebookgrupp<\/a><\/strong><\/p>\n<\/div><\/div>\n\n\n\n<h4 class=\"wp-block-heading\">Bj\u00f6rk\u00f6 Konstnod<\/h4>\n\n\n\n<div class=\"wp-block-media-text is-stacked-on-mobile\"><figure class=\"wp-block-media-text__media\"><img loading=\"lazy\" decoding=\"async\" width=\"1024\" height=\"768\" src=\"https:\/\/staging.bjorkoarholma.se\/wp-content\/uploads\/2024\/03\/BjorkoKonstnod-1024x768.jpg\" alt=\"\" class=\"wp-image-3218 size-full\" srcset=\"https:\/\/staging.bjorkoarholma.se\/wp-content\/uploads\/2024\/03\/BjorkoKonstnod-1024x768.jpg 1024w, https:\/\/staging.bjorkoarholma.se\/wp-content\/uploads\/2024\/03\/BjorkoKonstnod-300x225.jpg 300w, https:\/\/staging.bjorkoarholma.se\/wp-content\/uploads\/2024\/03\/BjorkoKonstnod-768x576.jpg 768w, https:\/\/staging.bjorkoarholma.se\/wp-content\/uploads\/2024\/03\/BjorkoKonstnod-1536x1152.jpg 1536w, https:\/\/staging.bjorkoarholma.se\/wp-content\/uploads\/2024\/03\/BjorkoKonstnod-640x480.jpg 640w, https:\/\/staging.bjorkoarholma.se\/wp-content\/uploads\/2024\/03\/BjorkoKonstnod.jpg 2048w\" sizes=\"(max-width: 1024px) 100vw, 1024px\" \/><\/figure><div class=\"wp-block-media-text__content\">\n<p>Bj\u00f6rk\u00f6 Konstnod finns i lokalerna som tidigare var Bj\u00f6rk\u00f6 skola. Sedan starten 2020 har f\u00f6reningen haft \u00f6ver hundra konstn\u00e4rer fr\u00e5n hela v\u00e4rlden i sina g\u00e4statelj\u00e9er. P\u00e5 Bj\u00f6rk\u00f6 samverkar BKN med det lokala f\u00f6reningslivet som \u00e4r en resurs in i kunskap om \u00f6ns samtid och historia, tillsammans g\u00f6r vi \u00f6n mer dynamisk och levande.<\/p>\n\n\n\n<p><a href=\"https:\/\/bjorkokonstnod.se\/forening\" target=\"_blank\" rel=\"noopener\" title=\"\"><strong>Hemsida<\/strong><\/a><\/p>\n<\/div><\/div>\n\n\n\n<h4 class=\"wp-block-heading\">Bj\u00f6rk\u00f6 landsbygdsutveckling<\/h4>\n\n\n\n<div class=\"wp-block-media-text is-stacked-on-mobile\"><figure class=\"wp-block-media-text__media\"><img loading=\"lazy\" decoding=\"async\" width=\"1024\" height=\"717\" src=\"https:\/\/staging.bjorkoarholma.se\/wp-content\/uploads\/2024\/03\/Bjorko-Kyrkby-1024x717.jpg\" alt=\"\" class=\"wp-image-3219 size-full\" srcset=\"https:\/\/staging.bjorkoarholma.se\/wp-content\/uploads\/2024\/03\/Bjorko-Kyrkby-1024x717.jpg 1024w, https:\/\/staging.bjorkoarholma.se\/wp-content\/uploads\/2024\/03\/Bjorko-Kyrkby-300x210.jpg 300w, https:\/\/staging.bjorkoarholma.se\/wp-content\/uploads\/2024\/03\/Bjorko-Kyrkby-768x538.jpg 768w, https:\/\/staging.bjorkoarholma.se\/wp-content\/uploads\/2024\/03\/Bjorko-Kyrkby-1536x1076.jpg 1536w, https:\/\/staging.bjorkoarholma.se\/wp-content\/uploads\/2024\/03\/Bjorko-Kyrkby-2048x1434.jpg 2048w, https:\/\/staging.bjorkoarholma.se\/wp-content\/uploads\/2024\/03\/Bjorko-Kyrkby-640x448.jpg 640w\" sizes=\"(max-width: 1024px) 100vw, 1024px\" \/><\/figure><div class=\"wp-block-media-text__content\">\n<p>Bj\u00f6rk\u00f6 landsbygdsutveckling (BLU) verkar f\u00f6r att stimulera inflyttning till v\u00e5r \u00f6. F\u00f6reningen vill att det ska g\u00e5 att arbeta och bo med h\u00f6g livskvalitet p\u00e5 Bj\u00f6rk\u00f6. Som en del i detta har f\u00f6reningen bland annat arbetat med projektering av Bj\u00f6rk\u00f6 kyrkby, men ocks\u00e5 att finna smarta, allm\u00e4ngiltiga och milj\u00f6v\u00e4nliga VA-l\u00f6sningar i sk\u00e4rg\u00e5rdsmilj\u00f6. <\/p>\n\n\n\n<p><a href=\"https:\/\/www.bjorkolu.se\/\" target=\"_blank\" rel=\"noopener\" title=\"\"><strong>Hemsida<\/strong><\/a><\/p>\n<\/div><\/div>\n\n\n\n<h4 class=\"wp-block-heading\">Vikasj\u00f6ns v\u00e4nner<\/h4>\n\n\n\n<div class=\"wp-block-media-text is-stacked-on-mobile\"><figure class=\"wp-block-media-text__media\"><img loading=\"lazy\" decoding=\"async\" width=\"1024\" height=\"768\" src=\"https:\/\/staging.bjorkoarholma.se\/wp-content\/uploads\/2024\/03\/Vikasjon-1024x768.jpg\" alt=\"\" class=\"wp-image-3228 size-full\" srcset=\"https:\/\/staging.bjorkoarholma.se\/wp-content\/uploads\/2024\/03\/Vikasjon-1024x768.jpg 1024w, https:\/\/staging.bjorkoarholma.se\/wp-content\/uploads\/2024\/03\/Vikasjon-300x225.jpg 300w, https:\/\/staging.bjorkoarholma.se\/wp-content\/uploads\/2024\/03\/Vikasjon-768x576.jpg 768w, https:\/\/staging.bjorkoarholma.se\/wp-content\/uploads\/2024\/03\/Vikasjon-640x480.jpg 640w, https:\/\/staging.bjorkoarholma.se\/wp-content\/uploads\/2024\/03\/Vikasjon.jpg 1080w\" sizes=\"(max-width: 1024px) 100vw, 1024px\" \/><\/figure><div class=\"wp-block-media-text__content\">\n<p>F\u00f6reningen Vikasj\u00f6ns V\u00e4nner \u00e4r en ideell f\u00f6rening som arbetar f\u00f6r att bibeh\u00e5lla Vikasj\u00f6n s\u00e5 att den finns tillg\u00e4nglig f\u00f6r bad, fiske och friluftsliv \u00e4ven&nbsp;f\u00f6r kommande generationer. Bland annat har f\u00f6reningen medverkat till uts\u00e4ttning av havs\u00f6ringsyngel och rensning\/ anpassning av vandringsv\u00e4gar f\u00f6r fisk till sj\u00f6n.<\/p>\n\n\n\n<p><a href=\"https:\/\/www.facebook.com\/groups\/922914124414441\/\" target=\"_blank\" rel=\"noopener\" title=\"\"><strong>Facebookgrupp<\/strong><\/a><\/p>\n<\/div><\/div>\n\n\n\n<h4 class=\"wp-block-heading\">Kullbovikens vattenv\u00e5rdsf\u00f6rening<\/h4>\n\n\n\n<div class=\"wp-block-media-text is-stacked-on-mobile\"><figure class=\"wp-block-media-text__media\"><img loading=\"lazy\" decoding=\"async\" width=\"1024\" height=\"683\" src=\"https:\/\/staging.bjorkoarholma.se\/wp-content\/uploads\/2024\/03\/Kullboviken-4-av-5-1024x683.jpg\" alt=\"\" class=\"wp-image-3225 size-full\" srcset=\"https:\/\/staging.bjorkoarholma.se\/wp-content\/uploads\/2024\/03\/Kullboviken-4-av-5-1024x683.jpg 1024w, https:\/\/staging.bjorkoarholma.se\/wp-content\/uploads\/2024\/03\/Kullboviken-4-av-5-300x200.jpg 300w, https:\/\/staging.bjorkoarholma.se\/wp-content\/uploads\/2024\/03\/Kullboviken-4-av-5-768x512.jpg 768w, https:\/\/staging.bjorkoarholma.se\/wp-content\/uploads\/2024\/03\/Kullboviken-4-av-5-1536x1024.jpg 1536w, https:\/\/staging.bjorkoarholma.se\/wp-content\/uploads\/2024\/03\/Kullboviken-4-av-5-640x427.jpg 640w, https:\/\/staging.bjorkoarholma.se\/wp-content\/uploads\/2024\/03\/Kullboviken-4-av-5.jpg 1800w\" sizes=\"(max-width: 1024px) 100vw, 1024px\" \/><\/figure><div class=\"wp-block-media-text__content\">\n<p>F\u00f6reningen arbetar med att bevara Kullbovikens vattenkvalitet, milj\u00f6 och naturv\u00e4rden. En viktig del i detta \u00e4r att uppr\u00e4tth\u00e5lla sj\u00f6ns utbyte av vatten via den gr\u00e4vda kanalen, men ocks\u00e5 v\u00e4rna om milj\u00f6er kring sj\u00f6n.<\/p>\n\n\n\n<p><a href=\"https:\/\/kullboviken.se\/\" target=\"_blank\" rel=\"noopener\" title=\"\"><strong>Hemsida<\/strong><\/a><\/p>\n<\/div><\/div>\n","protected":false},"excerpt":{"rendered":"<p>Bj\u00f6rk\u00f6 har alltid varit en plats med ett rikt f\u00f6reningsliv. H\u00e4r startades skyttef\u00f6reningar, syf\u00f6reningar, byalag, och m\u00e5nga andra f\u00f6reningar i slutet av 1800-talet och i b\u00f6rjan av 1900-talet. En del av dessa f\u00f6reningar finns kvar \u00e4n idag och nya har tillkommit. Mellan dessa f\u00f6reningar&#8230;<\/p>\n","protected":false},"author":5,"featured_media":0,"parent":0,"menu_order":0,"comment_status":"closed","ping_status":"closed","template":"","meta":{"_monsterinsights_skip_tracking":false,"_monsterinsights_sitenote_active":false,"_monsterinsights_sitenote_note":"","_monsterinsights_sitenote_category":0,"footnotes":""},"class_list":["post-2936","page","type-page","status-publish","hentry"],"aioseo_notices":[],"_links":{"self":[{"href":"https:\/\/staging.bjorkoarholma.se\/index.php?rest_route=\/wp\/v2\/pages\/2936","targetHints":{"allow":["GET"]}}],"collection":[{"href":"https:\/\/staging.bjorkoarholma.se\/index.php?rest_route=\/wp\/v2\/pages"}],"about":[{"href":"https:\/\/staging.bjorkoarholma.se\/index.php?rest_route=\/wp\/v2\/types\/page"}],"author":[{"embeddable":true,"href":"https:\/\/staging.bjorkoarholma.se\/index.php?rest_route=\/wp\/v2\/users\/5"}],"replies":[{"embeddable":true,"href":"https:\/\/staging.bjorkoarholma.se\/index.php?rest_route=%2Fwp%2Fv2%2Fcomments&post=2936"}],"version-history":[{"count":20,"href":"https:\/\/staging.bjorkoarholma.se\/index.php?rest_route=\/wp\/v2\/pages\/2936\/revisions"}],"predecessor-version":[{"id":3266,"href":"https:\/\/staging.bjorkoarholma.se\/index.php?rest_route=\/wp\/v2\/pages\/2936\/revisions\/3266"}],"wp:attachment":[{"href":"https:\/\/staging.bjorkoarholma.se\/index.php?rest_route=%2Fwp%2Fv2%2Fmedia&parent=2936"}],"curies":[{"name":"wp","href":"https:\/\/api.w.org\/{rel}","templated":true}]}}