{"id":2950,"date":"2024-02-22T21:43:13","date_gmt":"2024-02-22T21:43:13","guid":{"rendered":"https:\/\/staging.bjorkoarholma.se\/?page_id=2950"},"modified":"2024-02-22T22:04:35","modified_gmt":"2024-02-22T22:04:35","slug":"foreningens-historia","status":"publish","type":"page","link":"https:\/\/staging.bjorkoarholma.se\/?page_id=2950","title":{"rendered":"Hembygdsf\u00f6reningens historia"},"content":{"rendered":"\n<h6 class=\"wp-block-heading\"><em> Artikeln skrevs av <em>Lena Svenonius<\/em> f\u00f6r V\u00e5ra \u00d6ar 2009, n\u00e4r f\u00f6reningen fyllde 50 \u00e5r.<\/em><\/h6>\n\n\n\n<div class=\"wp-block-media-text has-media-on-the-right is-stacked-on-mobile\"><div class=\"wp-block-media-text__content\">\n<h4 class=\"wp-block-heading\">Det b\u00f6rjade redan vintern 1959<\/h4>\n\n\n\n<p>Kv\u00e4llen den 30 mars1959 var det upplyst i hembygdsg\u00e5rden i Marum. Folket i bygden hade kallats samman f\u00f6r att \u201ddiskutera behovet av ett samarbetsorgan med uppgift att verka f\u00f6r lokala ortsintressen.\u201d<\/p>\n\n\n\n<h4 class=\"wp-block-heading\">Bj\u00f6rk\u00f6-Arholmaortens Intressef\u00f6rening bildades i maj 1959<\/h4>\n\n\n\n<p>Redan vid detta m\u00f6te framf\u00f6rde n\u00e5gra ortsbor f\u00f6rslaget att bilda en f\u00f6rening \u201dmed \u00e4ndam\u00e5l att verka f\u00f6r bevarande av ortens egenart, samh\u00e4llsstruktur och sunda utveckling samt f\u00f6r befolkningens lugn och trivsel.\u201d F\u00f6rslag till stadgar kom p\u00e5 bordet och antogs av m\u00f6tet.<\/p>\n<\/div><figure class=\"wp-block-media-text__media\"><img fetchpriority=\"high\" decoding=\"async\" width=\"660\" height=\"473\" src=\"https:\/\/staging.bjorkoarholma.se\/wp-content\/uploads\/2022\/06\/arsmote.jpg\" alt=\"\" class=\"wp-image-2215 size-full\" srcset=\"https:\/\/staging.bjorkoarholma.se\/wp-content\/uploads\/2022\/06\/arsmote.jpg 660w, https:\/\/staging.bjorkoarholma.se\/wp-content\/uploads\/2022\/06\/arsmote-300x215.jpg 300w\" sizes=\"(max-width: 660px) 100vw, 660px\" \/><\/figure><\/div>\n\n\n\n<h4 class=\"wp-block-heading\">F\u00f6rening f\u00f6r b\u00e5de fast- och fritidsboende&nbsp;<\/h4>\n\n\n\n<p>Man valde sedan en tillf\u00e4llig styrelse, den skulle best\u00e5 av sju ledam\u00f6ter, \u201dom m\u00f6jligt med lika antal fastboende och sommarboende\u201d \u2013 hur det nu skulle g\u00e5 till! Det var ocks\u00e5 viktigt att de olika byarna var representerade. S\u00e5 presenterades sedan under m\u00e5nga \u00e5r alla styrelseledam\u00f6ter med namn, by och som fast\u2013 eller fritidsboende.<\/p>\n\n\n\n<p>Alla med naturlig anknytning till orten skulle vara v\u00e4lkomna som medlemmar, eller som det uttrycktes \u201dm\u00e5 vinna intr\u00e4de\u201d.<\/p>\n\n\n\n<h4 class=\"wp-block-heading\">Ordf\u00f6rande Sune Hansson 1959 -1979 + 1980 \u2013 1986, Greta Nordlund 1979 \u2013 1980<\/h4>\n\n\n\n<p>Det konstituerande m\u00f6tet sammantr\u00e4dde den 3 maj 1959. 70 personer var n\u00e4rvarande och anm\u00e4lde sig som medlemmar i f\u00f6reningen, som fick namnet Bj\u00f6rk\u00f6-Arholmaortens Intressef\u00f6rening. Styrelsens ledm\u00f6ter var Sune Hansson (ordf), \u00d6ster Edsvik fastboende, Nils Mattsson, Vika fastboende, Lars Grefberg, Dragsviken fritidsboende, Sven \u00d6stlind, Kulla fritidsboende, Allan Segenmark, Dragsviken fritidsboende, Harald M\u00e5rtens, Simpn\u00e4s fritidsboende och G\u00f6sta Juhlin, Marum fastboende. Arnold Bj\u00f6rkman, Marum fastboende och K H Normelli, Simpn\u00e4s fastboende var suppleanter.<\/p>\n\n\n\n<h4 class=\"wp-block-heading\">F\u00f6r att p\u00e5verka utvecklingen i bygden<\/h4>\n\n\n\n<p>F\u00f6reningens \u00e4ndam\u00e5l s\u00e4ger med den tidens spr\u00e5k att m\u00e4nniskorna p\u00e5 Bj\u00f6rk\u00f6-Arholma ville vara med och p\u00e5verka det som h\u00e4nde i samh\u00e4llet. Bj\u00f6rk\u00f6-Arholma kommun hade nyligen slagits ihop med V\u00e4dd\u00f6 och det fanns behov av en f\u00f6rening som framf\u00f6rde Bj\u00f6rk\u00f6bornas \u00e5sikter i storkommunen. Intressef\u00f6reningen ville ha inflytande och yttrade sig bland annat i planfr\u00e5gor och deltog i den debatt som f\u00f6rdes om fritidsomr\u00e5den och exploateringens f\u00f6r\u2013 och nackdelar.<\/p>\n\n\n\n<p>F\u00f6reningens vilja att f\u00f6retr\u00e4da b\u00e5de fast\u2013 och fritidsboende satte tyv\u00e4rr k\u00e4ppar i hjulet f\u00f6r ambitionen att delta i samtalet om sk\u00e4rg\u00e5rdsutveckling, eftersom endast f\u00f6reningar med uteslutande fastboende medlemmar accepteras som medlemmar i Sk\u00e4rg\u00e5rdens Intressef\u00f6reningars Kontaktorganisation, SIKO. Flera \u00e5r skickar f\u00f6reningen trots detta en delegation till sk\u00e4rg\u00e5rdstinget. Till tingen p\u00e5 M\u00f6ja, Dalar\u00f6, Orn\u00f6 och Tjock\u00f6 \u00e5kte Bj\u00f6rk\u00f6bor och de kom hem med rapporter som bland annat handlade om fastighetstaxering och fritidsfiske.<\/p>\n\n\n\n<p>N\u00e5gra interna f\u00f6reningsfr\u00e5gor som st\u00e4ndigt dyker upp i de tidiga protokollen handlar om vikten av att rekrytera fler medlemmar, om s\u00e4ttet att informera medlemmarna och hur man skall f\u00e5 pengarna att r\u00e4cka till. 1968 ville styrelsen ge ut ett informationsblad om sin verksamhet, men det visade sig bli f\u00f6r dyrt. Vi noterar i alla fall att 1975 hade f\u00f6reningen \u00f6kat till 150 medlemmar och att \u00e5rsavgiften det \u00e5ret var 10 kr.<\/p>\n\n\n\n<h4 class=\"wp-block-heading\">Intressef\u00f6reningen agerar f\u00f6r b\u00e4ttre buss- och b\u00e5ttrafik<\/h4>\n\n\n\n<p>Det var popul\u00e4rt att \u00e5ka buss till och fr\u00e5n Bj\u00f6rk\u00f6, b\u00e5de f\u00f6r fastboende och sommarboende, och d\u00e4rf\u00f6r har busstrafiken varit en st\u00e5ende fr\u00e5ga p\u00e5 hembygdsf\u00f6reningens m\u00f6ten. Greta Nordlund och Alf Justrell \u00e4r tv\u00e5 av de styrelseledam\u00f6ter som mest energiskt har bearbetat SJ (som en g\u00e5ng i tiden ansvarade f\u00f6r busstrafiken), SL och myndigheter f\u00f6r att driva p\u00e5 f\u00f6rb\u00e4ttringar i turlistorna och taxetabellerna. I m\u00e5nga fall har f\u00f6reningen haft framg\u00e5ng, men andra g\u00e5nger har vi m\u00f6tts av ett blankt nej.<\/p>\n\n\n\n<p>Vid tv\u00e5 tillf\u00e4llen har bussturerna fr\u00e5n Skenninge ner till Marums brygga dragits in. Redan 1967 stoppade SJ bussarna med den m\u00e4rkliga motiveringen att \u201dalla som bor p\u00e5 Bj\u00f6rk\u00f6 har bilar\u201d. F\u00f6reningen p\u00e5pekade att m\u00e5nga \u00e4ldre inte har bil och fick till svar att de i s\u00e5 fall kunde g\u00e5 till Skenninge, som de hade gjort f\u00f6rr. Det barocka argumentet fick ganska snart ge vika; ett och ett halvt \u00e5r senare var trafiken tillbaka.<\/p>\n\n\n\n<p>I november 1999 var det dags igen. D\u00e5 fick bj\u00f6rk\u00f6borna f\u00f6ljande besked: \u201dSL har med anledning av att v\u00e4ndslingan vid Marums brygga \u00e4r f\u00f6r tr\u00e5ng beslutat att dra in busslinjen 636 ner till Marums brygga.\u201d Marums byalag och hembygdsf\u00f6reningen arrangerade opinionsm\u00f6ten, skrev ins\u00e4ndare och protestbrev till SL, men inget tycktes hj\u00e4lpa. 2006 gav SL \u00e4nd\u00e5 upp och b\u00f6rjade schakta f\u00f6r en ny h\u00e5llplats n\u00e4ra pr\u00e4stg\u00e5rden. En mark\u00e4gare hade st\u00e4llt mark till f\u00f6rfogande. Sedan 18 juni 2007 g\u00e5r det \u00e5ter ett par dagliga turer till Marum. Skam den som ger sig!<\/p>\n\n\n\n<p>Anders Djerf har vid \u00e5tskilliga \u00e5rsm\u00f6ten ivrat f\u00f6r f\u00f6rb\u00e4ttrad b\u00e5ttrafik mellan Stockholm och Bj\u00f6rk\u00f6-Arholma. Det har handlat om fler turer och att b\u00e5ttrafikens tidtabell m\u00e5ste sam-ordnas med bussarnas tidtabell vid \u00d6stersj\u00f6 brygga.<\/p>\n\n\n\n<h4 class=\"wp-block-heading\">\u00c5sikter om v\u00e4gstandard och infrastruktur&nbsp;<\/h4>\n\n\n\n<p>I Intressef\u00f6reningens lilla 25-\u00e5rskr\u00f6nika fr\u00e5n 1986 kan vi l\u00e4sa att \u201dv\u00e4gar och v\u00e4gskyltning har st\u00e5tt p\u00e5 \u00e5rsm\u00f6tets eller styrelsens f\u00f6redragningslistor i stort sett varje \u00e5r.\u201d Det har g\u00e4llt \u00f6nskem\u00e5l om standardf\u00f6rb\u00e4ttringar av v\u00e4garna, hastighetsbegr\u00e4nsningar, orienteringstavlor och bussh\u00e5llplatsernas l\u00e4ge. Och s\u00e5 har det fortsatt genom \u00e5ren. Det tycks alltid finnas n\u00e5got p\u00e5 och kring v\u00e5ra v\u00e4gar som g\u00e5r att f\u00f6r\u00e4ndra. F\u00f6r att inte tala om sotarna och sop- och latrinh\u00e4mtningen, som f\u00e5tt f\u00f6reningen att skicka skrivelser till kommunen om h\u00e4mtningssystem, taxor och dispenser.<\/p>\n\n\n\n<h4 class=\"wp-block-heading\">1968 F\u00f6rsta midsommarfesten p\u00e5 hembygdsg\u00e5rden<\/h4>\n\n\n\n<p>Sedan 1968 har vi dansat kring midsommarst\u00e5ngen, handlat lotter och druckit kaffe vid hembygdsg\u00e5rden. Erik Jansson, Marianne Granat och Klas Tofft har under \u00e5ren varit glada och pigga lekledare, ackompanjerade av musiker med dragspel som Leif Carlsson och Lars Granat. Det var P O Lindell fr\u00e5n Marum, som f\u00f6reslog att f\u00f6reningen skulle arrangera en barn- och familjefest p\u00e5 midsommarafton.<\/p>\n\n\n\n<h4 class=\"wp-block-heading\">1972 f\u00f6rsta kulturprogrammet<\/h4>\n\n\n\n<p>1971 tillsatte f\u00f6reningen en PR-kommitt\u00e9 f\u00f6r att \u201danordna en tr\u00e4ff d\u00e4r n\u00e5gon kunde tala om gamla tider p\u00e5 Bj\u00f6rk\u00f6 och d\u00e4r ocks\u00e5 n\u00e5gon l\u00e4mplig underh\u00e5llning kunde erbjudas.\u201d Den gick av stapeln i juli 1972. \u201dHarald Lindberg talade och Gurli Lemon Bernhard sj\u00f6ng\u201d, st\u00e5r det i en tidigare kr\u00f6nika. Det h\u00e4r var b\u00f6rja p\u00e5 ett nytt s\u00e4tt att jobba i hembygdsf\u00f6reningen.<\/p>\n\n\n\n<h4 class=\"wp-block-heading\">1985 f\u00f6rsta v\u00e5rfesten vid Bj\u00f6rk\u00f6g\u00e5rden<\/h4>\n\n\n\n<p>En annan omtyckt familjefest \u00e4r valborgsm\u00e4ssofirandet vid Bj\u00f6rk\u00f6g\u00e5rdens b\u00e5thus, vid Sandviken. F\u00f6rsta g\u00e5ngen var 1985 och sedan har hembygdsf\u00f6reningen och Bj\u00f6rk\u00f6g\u00e5rden arrangerat den h\u00e4r v\u00e5rfesten tillsammans. Det ska vara v\u00e5rtal, v\u00e5rs\u00e5nger, stor eller liten brasa, kaffe, grillkorv, tipsrundor, fyrverkeri eller lyktfest. Det \u00e4r n\u00e5got s\u00e4rskilt \u00f6ver v\u00e5rfestens varma st\u00e4mning, skapad av v\u00e5rs\u00e5ngerna, brasskenet, skuggorna och l\u00e4ngtan efter sol och v\u00e4rme.<\/p>\n\n\n\n<h4 class=\"wp-block-heading\">1986 diskuteras namnbyte, fr\u00e5n 2002 \u00e4r namnet Bj\u00f6rk\u00f6-Arholma hembygdsf\u00f6rening<\/h4>\n\n\n\n<p>F\u00f6r enkelhetens skull kommer jag i forts\u00e4ttningen att kalla f\u00f6reningen f\u00f6r Bj\u00f6rk\u00f6-Arholma Hembygdsf\u00f6rening. Efter m\u00e5nga \u00e5r som medlem i Sveriges hembygdsf\u00f6rbund fattade Intressef\u00f6reningen 2002 beslut om namnbyte och 10 \u00e5r senare om nya stadgar, s\u00e5 numera \u00e4r f\u00f6reningen i alla meningar en hembygdsf\u00f6rening. Och det var p\u00e5 tiden. F\u00f6rslaget om namnbyte hade varit uppe redan 1986, men d\u00e5 avslogs det och f\u00f6reningen fortsatte som Intressef\u00f6rening.<\/p>\n\n\n\n<h4 class=\"wp-block-heading\">1987-1996 Allt handlar om en Bj\u00f6rk\u00f6karta&nbsp;<\/h4>\n\n\n\n<p>Det b\u00f6rjade h\u00f6sten 1987, d\u00e5 17 (!) f\u00f6reningar i Bj\u00f6rk\u00f6-Arholma socken skapade ett forum med namnet Samverkande Bj\u00f6rk\u00f6-Arholma-organisationer. H\u00e4r f\u00f6reslog Bj\u00f6rk\u00f6-Arholma F\u00f6retagarf\u00f6rening att man skulle framst\u00e4lla en karta \u00f6ver v\u00e5ra \u00f6ar. Hembygdsf\u00f6reningen blev huvudman f\u00f6r kartprojektet och man tillsatte en arbetsgrupp med Kurt Krona som ordf\u00f6rande.<\/p>\n\n\n\n<h4 class=\"wp-block-heading\">Ordf\u00f6rande Kurt Krona 1986 \u2013 1995<\/h4>\n\n\n\n<p>Det h\u00e4r var ett nytt ansvarsomr\u00e5de som passade hembygdsf\u00f6reningen utm\u00e4rkt. Alla ville vara med och Kurt Krona fick ett tufft jobb med att samordna alla kunniga insatser. Det var b\u00e5de m\u00e5nga kockar, h\u00e4ftiga gupp och kringliga krokar innan visionen till sist blev verklighet.<\/p>\n\n\n\n<p>Nu har m\u00e5nga av oss den vackra Bj\u00f6rk\u00f6kartan hemma p\u00e5 v\u00e4ggen och det vi ser \u00e4r resultatet av l\u00e5ngt och t\u00e5lmodigt samarbete mellan \u00f6ns f\u00f6reningar. P\u00e5 nationaldagen 1996 skrev jag, som nybliven ordf\u00f6rande, att alla fr\u00e5getecken r\u00e4tats ut och att kartan var klar \u2013 en stor karta, 70\u00d7120 cm, i skalan 1:20 000. Vilken succ\u00e9! Den f\u00f6rsta upplagan tog snabbt slut.<\/p>\n\n\n\n<p>Sj\u00f6mannaf\u00f6reningen tog d\u00e4refter \u00f6ver projektet och l\u00e4t trycka en andra upplaga, som fortfarande \u00e4r till salu.<\/p>\n\n\n\n<h4 class=\"wp-block-heading\">Ordf\u00f6rande Lena Svenonius 1996 \u2013<\/h4>\n\n\n\n<p>Programverksamheten har v\u00e4xt kraftigt, och kultur i olika tappning har blivit f\u00f6reningens viktigaste omr\u00e5de. Att erbjuda m\u00e4nniskor tillf\u00e4llen att tr\u00e4ffas, att l\u00e4ra k\u00e4nna \u00f6arna och att skapa intresse f\u00f6r hembygden och \u00f6arnas historia. Vi minns b\u00e5tturerna till yttersk\u00e4rg\u00e5rdens \u00f6ar och resan med Monsun till Bj\u00f6rk\u00f6s gamla \u00e5ngb\u00e5tsbryggor. Vi minns Erik Erikssons f\u00f6redrag p\u00e5 Arholma fort och Kristina Rosens ber\u00e4ttelser om Estl\u00e4ndarna som kom till Bj\u00f6rk\u00f6. Vi minns den guidade utflykten till stenbrottet och den ut p\u00e5 klipporna vid Utan\u00e5. Var du med och r\u00f6jde \u201dFyrstigen\u201d?<\/p>\n\n\n\n<p>Musikevenemangen d\u00e5! Allt fr\u00e5n trubadurer till operas\u00e5ngare. \u00d6ns egna spelm\u00e4n som delar med sig av spel\u2013 och s\u00e5nggl\u00e4dje vid museet i Simpn\u00e4s p\u00e5 sommarkv\u00e4llarna och familjen p\u00e5 Ekbacken i V\u00e4ster Edsvik som bjuder in till alls\u00e5ng i tr\u00e4dg\u00e5rden.<\/p>\n\n\n\n<p>Mer teater har vi haft! Ett par v\u00e4lbes\u00f6kta f\u00f6rest\u00e4llningar av Friteatern. Och s\u00e5 v\u00e5r teater! Det b\u00f6rjade med Robert Sj\u00f6bloms upps\u00e4ttning av Revylotion, det var sommaren 2006. Det gav mersmak och en teatergrupp bildades. Den har under Roberts ledning och regi spelat imponerande m\u00e5nga fullsatta f\u00f6rest\u00e4llningar av komedin Sk\u00e4rg\u00e5rdsflirt, b\u00e5de hemma p\u00e5 Bj\u00f6rk\u00f6 och ute i vida v\u00e4rlden p\u00e5 V\u00e4dd\u00f6 och V\u00e4t\u00f6.<\/p>\n\n\n\n<p>F\u00f6r att \u00f6ka kunskaperna om \u00f6arna och hembygdens historia har vi anv\u00e4nt mycket foto, vi har gjort fotoutst\u00e4llningar av gamla fotografier och tipsrundor av nya, vi har fotat bryggor, bussh\u00e5llplatser, kurvor, redarg\u00e5rdar, byggnader och f\u00f6rem\u00e5l, allt f\u00f6r att locka till utflykter p\u00e5 \u00f6arna.<\/p>\n\n\n\n<h4 class=\"wp-block-heading\">2002 f\u00f6rsta numret av V\u00e5ra \u00d6ar<\/h4>\n\n\n\n<p>I juni 2002 h\u00e4nde det n\u00e5t nytt i f\u00f6reningen igen, det f\u00f6rsta numret av tidningen V\u00e5ra \u00d6ar kom ut. Det var resultatet av ett f\u00f6rslag som Jerker Persson lagt fram f\u00f6r styrelsen. Tidningen var t\u00e4nkt som ett informationsblad f\u00f6r hembygdsf\u00f6reningen. Med \u00e5ren har V\u00e5ra \u00d6ar f\u00e5tt st\u00f6rre betydelse, fler skribenter och inneh\u00e5llsrika artiklar av h\u00f6g kvalitet. Den har utvecklats till en hembygdstidskrift, en skildrare av gammalt och nytt p\u00e5 Bj\u00f6rk\u00f6 och Arholma. Den kommer ut en g\u00e5ng per \u00e5r. Jerker Persson \u00e4r redakt\u00f6r f\u00f6r tidningen, som f\u00e5tt fina bidrag fr\u00e5n flera lokalkunniga skribenter, bl a. Siri Dahlberg, Carl Olof Cederblad, B\u00f6rje Justrell och Kaj Wicklander. Tidningen har ett klurigt och omtyckt korsord, och det ska Per Svenonius ta \u00e5t sig \u00e4ran.<\/p>\n\n\n\n<h4 class=\"wp-block-heading\">Nerslag i gamla protokoll<\/h4>\n\n\n\n<ul class=\"wp-block-list\">\n<li><strong>1969<\/strong> hemst\u00e4llde f\u00f6reningen hos planverket om att f\u00e5 bli remissinstans f\u00f6r samtliga plan-projekt som ber\u00f6r Bj\u00f6rk\u00f6-Arholma socken.<\/li>\n\n\n\n<li><strong>1971<\/strong> behandlas restaureringen av kvarnen i Marum, ett \u00e4rende som dyker upp p\u00e5 dagordningen under m\u00e5nga \u00e5r. F\u00f6reningen diskuterar m\u00f6jligheten att \u00e5ta sig huvudmannaskapet f\u00f6r restaureringen, men avst\u00e5r p\u00e5 grund av bristande ekonomiska resurser.<\/li>\n\n\n\n<li><strong>1977<\/strong> beg\u00e4rde f\u00f6reningen att Televerket skulle s\u00e4tta upp en ny telefonhytt vid Marums brygga sedan den tidigare hytten flyttats till Marums tomtomr\u00e5de. Televerket sa nej.<\/li>\n\n\n\n<li><strong>1977<\/strong> tog f\u00f6reningen emot en lista med 434 namnunderskrifter med \u00f6nskem\u00e5l om att f\u00f6reningen skulle verka f\u00f6r att en \u201dtaxir\u00f6relse \u00e5ter skall etableras inom Bj\u00f6rk\u00f6-Arholmaomr\u00e5det\u201d.<\/li>\n\n\n\n<li><strong>1983<\/strong> beslutade \u00e5rsm\u00f6tet \u201datt st\u00f6dja och f\u00f6rs\u00f6ka driva p\u00e5 fr\u00e5gan om att inta \u00d6stersj\u00f6 brygga under allm\u00e4nt underh\u00e5ll f\u00f6r att fr\u00e4mja \u00f6bornas intressen\u201d.<\/li>\n\n\n\n<li><strong>1985<\/strong> anslog f\u00f6reningen 5000 kr f\u00f6r att restaurera bem\u00e4rkta bj\u00f6rk\u00f6bors gravstenar p\u00e5 V\u00e4t\u00f6 kyrkog\u00e5rd.<\/li>\n\n\n\n<li> \u00c5rsm\u00f6tet <strong>1986<\/strong> beslutar att dela ut broschyren \u201dDet fria sportfisket\u201d till alla medlemmar. Detta med anledning av ett mycket debatterat riksdagsbeslut om ett friare sportfiske. Samma \u00e5rsm\u00f6te beviljade ett anslag p\u00e5 upp till 4000 kr till S\u00f6der Marums byam\u00e4n f\u00f6r muddring av Norredesundet.<\/li>\n\n\n\n<li><strong>1988<\/strong> samlade hembygdsf\u00f6reningen ett opinionsm\u00f6te f\u00f6r att stoppa kommunens planer p\u00e5 att s\u00e4lja hembygdsg\u00e5rden i Marum. Kommunen avstod f\u00f6rs\u00e4ljning.<\/li>\n\n\n\n<li><strong>1989<\/strong> anslog f\u00f6reningen 3000 kr till en rutschkana p\u00e5 Bj\u00f6rk\u00f6g\u00e5rden.<\/li>\n\n\n\n<li><strong>2005<\/strong> f\u00f6reslog Lena Svenonius att hembygdsf\u00f6reningen skulle b\u00f6rja planera ett jubileum, som skulle p\u00e5g\u00e5 hela \u00e5ret 2009 f\u00f6r att fira hembygdsf\u00f6reningens 50 \u00e5rsjubileum och att det d\u00e5 \u00e4r 600 \u00e5r sedan Bj\u00f6rk\u00f6 f\u00f6r f\u00f6rsta g\u00e5ngen omn\u00e4mns i skrift. \u00d6ns f\u00f6reningar bj\u00f6ds in till att medverka och b\u00e5de f\u00f6reningar och enskilda personer bidrog sedan med massor av id\u00e9er f\u00f6r jubileumsfirandet.<\/li>\n\n\n\n<li><strong>2008<\/strong> Sparbankens stiftelse beviljade hembygdsf\u00f6reningen 50 000 kr i bidrag till jubileumsprogrammet, det vill s\u00e4ga hela det belopp f\u00f6reningen ans\u00f6kte om. Stiftelsens kontaktperson p\u00e5pekade att det \u00e4r ovanligt att man f\u00e5r hela det ans\u00f6kta beloppet, men att Bj\u00f6rk\u00f6-Arholma hembygdsf\u00f6reningens program var s\u00e5 ambiti\u00f6st och v\u00e4l underbyggt att det resulterade i full utdelning.<\/li>\n\n\n\n<li><strong>2009<\/strong> Anordnas ett lotteri f\u00f6r att finansiera ink\u00f6pet av en digital-projektor f\u00f6r 5000-6000 kr.<\/li>\n\n\n\n<li><strong>2010 2009<\/strong>-jubil\u00e9ets avslutningsfest h\u00e5lls p\u00e5 Karlberg den 5 januari 2010<\/li>\n\n\n\n<li><strong>2014<\/strong> Diskuteras behovet av en \u201dV\u00e4lkommen till Bj\u00f6rk\u00f6\u201d-skylt och platsen f\u00f6r en s\u00e5dan skylt. Styrelsen menar att platsen framf\u00f6r Saln\u00f6-lokalen kan vara l\u00e4mplig.<\/li>\n<\/ul>\n","protected":false},"excerpt":{"rendered":"<p>Artikeln skrevs av Lena Svenonius f\u00f6r V\u00e5ra \u00d6ar 2009, n\u00e4r f\u00f6reningen fyllde 50 \u00e5r. Det b\u00f6rjade redan vintern 1959 Kv\u00e4llen den 30 mars1959 var det upplyst i hembygdsg\u00e5rden i Marum. Folket i bygden hade kallats samman f\u00f6r att \u201ddiskutera behovet av ett samarbetsorgan med&#8230;<\/p>\n","protected":false},"author":5,"featured_media":0,"parent":0,"menu_order":0,"comment_status":"closed","ping_status":"closed","template":"","meta":{"_monsterinsights_skip_tracking":false,"_monsterinsights_sitenote_active":false,"_monsterinsights_sitenote_note":"","_monsterinsights_sitenote_category":0,"footnotes":""},"class_list":["post-2950","page","type-page","status-publish","hentry"],"aioseo_notices":[],"_links":{"self":[{"href":"https:\/\/staging.bjorkoarholma.se\/index.php?rest_route=\/wp\/v2\/pages\/2950","targetHints":{"allow":["GET"]}}],"collection":[{"href":"https:\/\/staging.bjorkoarholma.se\/index.php?rest_route=\/wp\/v2\/pages"}],"about":[{"href":"https:\/\/staging.bjorkoarholma.se\/index.php?rest_route=\/wp\/v2\/types\/page"}],"author":[{"embeddable":true,"href":"https:\/\/staging.bjorkoarholma.se\/index.php?rest_route=\/wp\/v2\/users\/5"}],"replies":[{"embeddable":true,"href":"https:\/\/staging.bjorkoarholma.se\/index.php?rest_route=%2Fwp%2Fv2%2Fcomments&post=2950"}],"version-history":[{"count":8,"href":"https:\/\/staging.bjorkoarholma.se\/index.php?rest_route=\/wp\/v2\/pages\/2950\/revisions"}],"predecessor-version":[{"id":2963,"href":"https:\/\/staging.bjorkoarholma.se\/index.php?rest_route=\/wp\/v2\/pages\/2950\/revisions\/2963"}],"wp:attachment":[{"href":"https:\/\/staging.bjorkoarholma.se\/index.php?rest_route=%2Fwp%2Fv2%2Fmedia&parent=2950"}],"curies":[{"name":"wp","href":"https:\/\/api.w.org\/{rel}","templated":true}]}}