{"id":2964,"date":"2024-02-22T22:13:46","date_gmt":"2024-02-22T22:13:46","guid":{"rendered":"https:\/\/staging.bjorkoarholma.se\/?page_id=2964"},"modified":"2024-02-22T22:27:16","modified_gmt":"2024-02-22T22:27:16","slug":"bjorkos-historia","status":"publish","type":"page","link":"https:\/\/staging.bjorkoarholma.se\/?page_id=2964","title":{"rendered":"Bj\u00f6rk\u00f6s historia"},"content":{"rendered":"\n<p>Bj\u00f6rk\u00f6 har en mycket intressant historia som xxxxxxxx Under denna flik kommer vi att samla material som speglar fr\u00e4mst svunna tider p\u00e5 \u00f6n.<\/p>\n\n\n\n<figure class=\"wp-block-gallery has-nested-images columns-default is-cropped wp-block-gallery-1 is-layout-flex wp-block-gallery-is-layout-flex\">\n<figure class=\"wp-block-image size-large\"><img fetchpriority=\"high\" decoding=\"async\" width=\"400\" height=\"275\" data-id=\"1587\" src=\"https:\/\/staging.bjorkoarholma.se\/wp-content\/uploads\/2021\/05\/Bastan-4.jpg\" alt=\"\" class=\"wp-image-1587\" srcset=\"https:\/\/staging.bjorkoarholma.se\/wp-content\/uploads\/2021\/05\/Bastan-4.jpg 400w, https:\/\/staging.bjorkoarholma.se\/wp-content\/uploads\/2021\/05\/Bastan-4-300x206.jpg 300w\" sizes=\"(max-width: 400px) 100vw, 400px\" \/><\/figure>\n\n\n\n<figure class=\"wp-block-image size-large\"><img decoding=\"async\" width=\"1024\" height=\"658\" data-id=\"2969\" src=\"https:\/\/staging.bjorkoarholma.se\/wp-content\/uploads\/2024\/02\/Historiska-bilder-2-1024x658.jpg\" alt=\"\" class=\"wp-image-2969\" srcset=\"https:\/\/staging.bjorkoarholma.se\/wp-content\/uploads\/2024\/02\/Historiska-bilder-2-1024x658.jpg 1024w, https:\/\/staging.bjorkoarholma.se\/wp-content\/uploads\/2024\/02\/Historiska-bilder-2-300x193.jpg 300w, https:\/\/staging.bjorkoarholma.se\/wp-content\/uploads\/2024\/02\/Historiska-bilder-2-768x493.jpg 768w, https:\/\/staging.bjorkoarholma.se\/wp-content\/uploads\/2024\/02\/Historiska-bilder-2-1536x987.jpg 1536w, https:\/\/staging.bjorkoarholma.se\/wp-content\/uploads\/2024\/02\/Historiska-bilder-2-640x411.jpg 640w, https:\/\/staging.bjorkoarholma.se\/wp-content\/uploads\/2024\/02\/Historiska-bilder-2.jpg 1600w\" sizes=\"(max-width: 1024px) 100vw, 1024px\" \/><\/figure>\n\n\n\n<figure class=\"wp-block-image size-large\"><img decoding=\"async\" width=\"658\" height=\"1024\" data-id=\"2971\" src=\"https:\/\/staging.bjorkoarholma.se\/wp-content\/uploads\/2024\/02\/Historiska-bilder-3-658x1024.jpg\" alt=\"\" class=\"wp-image-2971\" srcset=\"https:\/\/staging.bjorkoarholma.se\/wp-content\/uploads\/2024\/02\/Historiska-bilder-3-658x1024.jpg 658w, https:\/\/staging.bjorkoarholma.se\/wp-content\/uploads\/2024\/02\/Historiska-bilder-3-193x300.jpg 193w, https:\/\/staging.bjorkoarholma.se\/wp-content\/uploads\/2024\/02\/Historiska-bilder-3-768x1195.jpg 768w, https:\/\/staging.bjorkoarholma.se\/wp-content\/uploads\/2024\/02\/Historiska-bilder-3-987x1536.jpg 987w, https:\/\/staging.bjorkoarholma.se\/wp-content\/uploads\/2024\/02\/Historiska-bilder-3-1317x2048.jpg 1317w, https:\/\/staging.bjorkoarholma.se\/wp-content\/uploads\/2024\/02\/Historiska-bilder-3-411x640.jpg 411w, https:\/\/staging.bjorkoarholma.se\/wp-content\/uploads\/2024\/02\/Historiska-bilder-3.jpg 1600w\" sizes=\"(max-width: 658px) 100vw, 658px\" \/><\/figure>\n\n\n\n<figure class=\"wp-block-image size-large\"><img loading=\"lazy\" decoding=\"async\" width=\"1024\" height=\"630\" data-id=\"2968\" src=\"https:\/\/staging.bjorkoarholma.se\/wp-content\/uploads\/2024\/02\/Historiska-bilder-1-1024x630.jpg\" alt=\"\" class=\"wp-image-2968\" srcset=\"https:\/\/staging.bjorkoarholma.se\/wp-content\/uploads\/2024\/02\/Historiska-bilder-1-1024x630.jpg 1024w, https:\/\/staging.bjorkoarholma.se\/wp-content\/uploads\/2024\/02\/Historiska-bilder-1-300x185.jpg 300w, https:\/\/staging.bjorkoarholma.se\/wp-content\/uploads\/2024\/02\/Historiska-bilder-1-768x473.jpg 768w, https:\/\/staging.bjorkoarholma.se\/wp-content\/uploads\/2024\/02\/Historiska-bilder-1-1536x946.jpg 1536w, https:\/\/staging.bjorkoarholma.se\/wp-content\/uploads\/2024\/02\/Historiska-bilder-1-640x394.jpg 640w, https:\/\/staging.bjorkoarholma.se\/wp-content\/uploads\/2024\/02\/Historiska-bilder-1.jpg 1600w\" sizes=\"(max-width: 1024px) 100vw, 1024px\" \/><\/figure>\n<\/figure>\n","protected":false},"excerpt":{"rendered":"<p>Bj\u00f6rk\u00f6 har en mycket intressant historia som xxxxxxxx Under denna flik kommer vi att samla material som speglar fr\u00e4mst svunna tider p\u00e5 \u00f6n.<\/p>\n","protected":false},"author":5,"featured_media":0,"parent":0,"menu_order":0,"comment_status":"closed","ping_status":"closed","template":"","meta":{"_monsterinsights_skip_tracking":false,"_monsterinsights_sitenote_active":false,"_monsterinsights_sitenote_note":"","_monsterinsights_sitenote_category":0,"footnotes":""},"class_list":["post-2964","page","type-page","status-publish","hentry"],"aioseo_notices":[],"_links":{"self":[{"href":"https:\/\/staging.bjorkoarholma.se\/index.php?rest_route=\/wp\/v2\/pages\/2964","targetHints":{"allow":["GET"]}}],"collection":[{"href":"https:\/\/staging.bjorkoarholma.se\/index.php?rest_route=\/wp\/v2\/pages"}],"about":[{"href":"https:\/\/staging.bjorkoarholma.se\/index.php?rest_route=\/wp\/v2\/types\/page"}],"author":[{"embeddable":true,"href":"https:\/\/staging.bjorkoarholma.se\/index.php?rest_route=\/wp\/v2\/users\/5"}],"replies":[{"embeddable":true,"href":"https:\/\/staging.bjorkoarholma.se\/index.php?rest_route=%2Fwp%2Fv2%2Fcomments&post=2964"}],"version-history":[{"count":3,"href":"https:\/\/staging.bjorkoarholma.se\/index.php?rest_route=\/wp\/v2\/pages\/2964\/revisions"}],"predecessor-version":[{"id":2973,"href":"https:\/\/staging.bjorkoarholma.se\/index.php?rest_route=\/wp\/v2\/pages\/2964\/revisions\/2973"}],"wp:attachment":[{"href":"https:\/\/staging.bjorkoarholma.se\/index.php?rest_route=%2Fwp%2Fv2%2Fmedia&parent=2964"}],"curies":[{"name":"wp","href":"https:\/\/api.w.org\/{rel}","templated":true}]}}