{"id":2996,"date":"2024-02-25T17:07:45","date_gmt":"2024-02-25T17:07:45","guid":{"rendered":"https:\/\/staging.bjorkoarholma.se\/?page_id=2996"},"modified":"2024-02-25T17:31:57","modified_gmt":"2024-02-25T17:31:57","slug":"bjorkohanget-2","status":"publish","type":"page","link":"https:\/\/staging.bjorkoarholma.se\/?page_id=2996","title":{"rendered":"Bj\u00f6rk\u00f6h\u00e4nget"},"content":{"rendered":"\n<p>Bj\u00f6rk\u00f6h\u00e4nget \u00e4r ett veckol\u00e5ngt arrangemang som fr\u00e4mst riktar sig till de lite yngre f\u00f6rm\u00e5gorna. H\u00e4nget brukar g\u00e5 av stapeln i slutet av juli och best\u00e5r av ett antal aktiviteter varje dag som man kan anm\u00e4la sig till i f\u00f6rv\u00e4g. Aktiviteterna leds av vuxna som bjuder barnen p\u00e5 lite kunskaper och intressen.<\/p>\n\n\n\n<p>Under vecka brukar det ocks\u00e5 bli n\u00e5gra aktiviteter som v\u00e4nder sig till hela familjen. Detaljerad information om \u00e5rets aktiviteter och m\u00f6jlighet till anm\u00e4lan brukar vi tillg\u00e4ngligg\u00f6ra och informera om ungef\u00e4r en m\u00e5nad f\u00f6re veckan.<\/p>\n\n\n\n<figure class=\"wp-block-image size-large\"><img fetchpriority=\"high\" decoding=\"async\" width=\"1024\" height=\"626\" src=\"https:\/\/staging.bjorkoarholma.se\/wp-content\/uploads\/2024\/02\/Bjorkohanget-1024x626.jpg\" alt=\"\" class=\"wp-image-2998\" srcset=\"https:\/\/staging.bjorkoarholma.se\/wp-content\/uploads\/2024\/02\/Bjorkohanget-1024x626.jpg 1024w, https:\/\/staging.bjorkoarholma.se\/wp-content\/uploads\/2024\/02\/Bjorkohanget-300x183.jpg 300w, https:\/\/staging.bjorkoarholma.se\/wp-content\/uploads\/2024\/02\/Bjorkohanget-768x469.jpg 768w, https:\/\/staging.bjorkoarholma.se\/wp-content\/uploads\/2024\/02\/Bjorkohanget-1536x939.jpg 1536w, https:\/\/staging.bjorkoarholma.se\/wp-content\/uploads\/2024\/02\/Bjorkohanget-640x391.jpg 640w, https:\/\/staging.bjorkoarholma.se\/wp-content\/uploads\/2024\/02\/Bjorkohanget.jpg 1615w\" sizes=\"(max-width: 1024px) 100vw, 1024px\" \/><\/figure>\n\n\n\n<p><strong>Exempel p\u00e5 aktiviteter kan vara:<\/strong><\/p>\n\n\n\n<ul class=\"wp-block-list\">\n<li>Trolleri<\/li>\n\n\n\n<li>Bygg din egen robot<\/li>\n\n\n\n<li>L\u00e4r dig mer om fotografering<\/li>\n\n\n\n<li>Cupcakes f\u00f6r nyb\u00f6rjare<\/li>\n\n\n\n<li>Prova p\u00e5 att dreja<\/li>\n\n\n\n<li>Utomhusbio f\u00f6r hela familjen<\/li>\n\n\n\n<li>T\u00e4lja i tr\u00e4<\/li>\n<\/ul>\n\n\n\n<figure class=\"wp-block-gallery has-nested-images columns-default is-cropped wp-block-gallery-1 is-layout-flex wp-block-gallery-is-layout-flex\">\n<figure class=\"wp-block-image size-large\"><img decoding=\"async\" width=\"1024\" height=\"811\" data-id=\"2997\" src=\"https:\/\/staging.bjorkoarholma.se\/wp-content\/uploads\/2024\/02\/Bjorkohanget-2-1024x811.jpg\" alt=\"\" class=\"wp-image-2997\" srcset=\"https:\/\/staging.bjorkoarholma.se\/wp-content\/uploads\/2024\/02\/Bjorkohanget-2-1024x811.jpg 1024w, https:\/\/staging.bjorkoarholma.se\/wp-content\/uploads\/2024\/02\/Bjorkohanget-2-300x238.jpg 300w, https:\/\/staging.bjorkoarholma.se\/wp-content\/uploads\/2024\/02\/Bjorkohanget-2-768x608.jpg 768w, https:\/\/staging.bjorkoarholma.se\/wp-content\/uploads\/2024\/02\/Bjorkohanget-2-1536x1217.jpg 1536w, https:\/\/staging.bjorkoarholma.se\/wp-content\/uploads\/2024\/02\/Bjorkohanget-2-640x507.jpg 640w, https:\/\/staging.bjorkoarholma.se\/wp-content\/uploads\/2024\/02\/Bjorkohanget-2.jpg 2048w\" sizes=\"(max-width: 1024px) 100vw, 1024px\" \/><\/figure>\n\n\n\n<figure class=\"wp-block-image size-large\"><img decoding=\"async\" width=\"657\" height=\"992\" data-id=\"3009\" src=\"https:\/\/staging.bjorkoarholma.se\/wp-content\/uploads\/2024\/02\/Bjorkohanget-4-1.jpg\" alt=\"\" class=\"wp-image-3009\" srcset=\"https:\/\/staging.bjorkoarholma.se\/wp-content\/uploads\/2024\/02\/Bjorkohanget-4-1.jpg 657w, https:\/\/staging.bjorkoarholma.se\/wp-content\/uploads\/2024\/02\/Bjorkohanget-4-1-199x300.jpg 199w, https:\/\/staging.bjorkoarholma.se\/wp-content\/uploads\/2024\/02\/Bjorkohanget-4-1-424x640.jpg 424w\" sizes=\"(max-width: 657px) 100vw, 657px\" \/><\/figure>\n\n\n\n<figure class=\"wp-block-image size-large\"><img loading=\"lazy\" decoding=\"async\" width=\"1024\" height=\"671\" data-id=\"3001\" src=\"https:\/\/staging.bjorkoarholma.se\/wp-content\/uploads\/2024\/02\/Bjorkohanget-8-1024x671.jpg\" alt=\"\" class=\"wp-image-3001\" srcset=\"https:\/\/staging.bjorkoarholma.se\/wp-content\/uploads\/2024\/02\/Bjorkohanget-8-1024x671.jpg 1024w, https:\/\/staging.bjorkoarholma.se\/wp-content\/uploads\/2024\/02\/Bjorkohanget-8-300x197.jpg 300w, https:\/\/staging.bjorkoarholma.se\/wp-content\/uploads\/2024\/02\/Bjorkohanget-8-768x503.jpg 768w, https:\/\/staging.bjorkoarholma.se\/wp-content\/uploads\/2024\/02\/Bjorkohanget-8-1536x1007.jpg 1536w, https:\/\/staging.bjorkoarholma.se\/wp-content\/uploads\/2024\/02\/Bjorkohanget-8-640x419.jpg 640w, https:\/\/staging.bjorkoarholma.se\/wp-content\/uploads\/2024\/02\/Bjorkohanget-8.jpg 2048w\" sizes=\"(max-width: 1024px) 100vw, 1024px\" \/><\/figure>\n\n\n\n<figure class=\"wp-block-image size-large\"><img loading=\"lazy\" decoding=\"async\" width=\"645\" height=\"944\" data-id=\"3013\" src=\"https:\/\/staging.bjorkoarholma.se\/wp-content\/uploads\/2024\/02\/Bjorkohanget-7-1.jpg\" alt=\"\" class=\"wp-image-3013\" srcset=\"https:\/\/staging.bjorkoarholma.se\/wp-content\/uploads\/2024\/02\/Bjorkohanget-7-1.jpg 645w, https:\/\/staging.bjorkoarholma.se\/wp-content\/uploads\/2024\/02\/Bjorkohanget-7-1-205x300.jpg 205w, https:\/\/staging.bjorkoarholma.se\/wp-content\/uploads\/2024\/02\/Bjorkohanget-7-1-437x640.jpg 437w\" sizes=\"(max-width: 645px) 100vw, 645px\" \/><\/figure>\n\n\n\n<figure class=\"wp-block-image size-large\"><img loading=\"lazy\" decoding=\"async\" width=\"534\" height=\"860\" data-id=\"3011\" src=\"https:\/\/staging.bjorkoarholma.se\/wp-content\/uploads\/2024\/02\/Bjorkohanget-5-1.jpg\" alt=\"\" class=\"wp-image-3011\" srcset=\"https:\/\/staging.bjorkoarholma.se\/wp-content\/uploads\/2024\/02\/Bjorkohanget-5-1.jpg 534w, https:\/\/staging.bjorkoarholma.se\/wp-content\/uploads\/2024\/02\/Bjorkohanget-5-1-186x300.jpg 186w, https:\/\/staging.bjorkoarholma.se\/wp-content\/uploads\/2024\/02\/Bjorkohanget-5-1-397x640.jpg 397w\" sizes=\"(max-width: 534px) 100vw, 534px\" \/><\/figure>\n\n\n\n<figure class=\"wp-block-image size-large\"><img loading=\"lazy\" decoding=\"async\" width=\"678\" height=\"998\" data-id=\"3012\" src=\"https:\/\/staging.bjorkoarholma.se\/wp-content\/uploads\/2024\/02\/Bjorkohanget-6-1.jpg\" alt=\"\" class=\"wp-image-3012\" srcset=\"https:\/\/staging.bjorkoarholma.se\/wp-content\/uploads\/2024\/02\/Bjorkohanget-6-1.jpg 678w, https:\/\/staging.bjorkoarholma.se\/wp-content\/uploads\/2024\/02\/Bjorkohanget-6-1-204x300.jpg 204w, https:\/\/staging.bjorkoarholma.se\/wp-content\/uploads\/2024\/02\/Bjorkohanget-6-1-435x640.jpg 435w\" sizes=\"(max-width: 678px) 100vw, 678px\" \/><\/figure>\n\n\n\n<figure class=\"wp-block-image size-large\"><img loading=\"lazy\" decoding=\"async\" width=\"526\" height=\"701\" data-id=\"3017\" src=\"https:\/\/staging.bjorkoarholma.se\/wp-content\/uploads\/2024\/02\/Bjorkohanget-9.jpg\" alt=\"\" class=\"wp-image-3017\" srcset=\"https:\/\/staging.bjorkoarholma.se\/wp-content\/uploads\/2024\/02\/Bjorkohanget-9.jpg 526w, https:\/\/staging.bjorkoarholma.se\/wp-content\/uploads\/2024\/02\/Bjorkohanget-9-225x300.jpg 225w, https:\/\/staging.bjorkoarholma.se\/wp-content\/uploads\/2024\/02\/Bjorkohanget-9-480x640.jpg 480w\" sizes=\"(max-width: 526px) 100vw, 526px\" \/><\/figure>\n<\/figure>\n","protected":false},"excerpt":{"rendered":"<p>Bj\u00f6rk\u00f6h\u00e4nget \u00e4r ett veckol\u00e5ngt arrangemang som fr\u00e4mst riktar sig till de lite yngre f\u00f6rm\u00e5gorna. H\u00e4nget brukar g\u00e5 av stapeln i slutet av juli och best\u00e5r av ett antal aktiviteter varje dag som man kan anm\u00e4la sig till i f\u00f6rv\u00e4g. Aktiviteterna leds av vuxna som&#8230;<\/p>\n","protected":false},"author":5,"featured_media":0,"parent":0,"menu_order":0,"comment_status":"closed","ping_status":"closed","template":"","meta":{"_monsterinsights_skip_tracking":false,"_monsterinsights_sitenote_active":false,"_monsterinsights_sitenote_note":"","_monsterinsights_sitenote_category":0,"footnotes":""},"class_list":["post-2996","page","type-page","status-publish","hentry"],"aioseo_notices":[],"_links":{"self":[{"href":"https:\/\/staging.bjorkoarholma.se\/index.php?rest_route=\/wp\/v2\/pages\/2996","targetHints":{"allow":["GET"]}}],"collection":[{"href":"https:\/\/staging.bjorkoarholma.se\/index.php?rest_route=\/wp\/v2\/pages"}],"about":[{"href":"https:\/\/staging.bjorkoarholma.se\/index.php?rest_route=\/wp\/v2\/types\/page"}],"author":[{"embeddable":true,"href":"https:\/\/staging.bjorkoarholma.se\/index.php?rest_route=\/wp\/v2\/users\/5"}],"replies":[{"embeddable":true,"href":"https:\/\/staging.bjorkoarholma.se\/index.php?rest_route=%2Fwp%2Fv2%2Fcomments&post=2996"}],"version-history":[{"count":6,"href":"https:\/\/staging.bjorkoarholma.se\/index.php?rest_route=\/wp\/v2\/pages\/2996\/revisions"}],"predecessor-version":[{"id":3018,"href":"https:\/\/staging.bjorkoarholma.se\/index.php?rest_route=\/wp\/v2\/pages\/2996\/revisions\/3018"}],"wp:attachment":[{"href":"https:\/\/staging.bjorkoarholma.se\/index.php?rest_route=%2Fwp%2Fv2%2Fmedia&parent=2996"}],"curies":[{"name":"wp","href":"https:\/\/api.w.org\/{rel}","templated":true}]}}