{"id":88,"date":"2021-03-11T16:09:16","date_gmt":"2021-03-11T16:09:16","guid":{"rendered":"https:\/\/qyzqw.beeweb.se\/?page_id=88"},"modified":"2021-03-11T16:09:16","modified_gmt":"2021-03-11T16:09:16","slug":"nyckelar-for-bjorkobygden","status":"publish","type":"page","link":"https:\/\/staging.bjorkoarholma.se\/?page_id=88","title":{"rendered":"Nyckel\u00e5r f\u00f6r Bj\u00f6rk\u00f6bygden"},"content":{"rendered":"\n<p><strong>Ca 1270<\/strong>. Arholma &nbsp;omtalas f\u00f6rsta g\u00e5ngen (som Arnholm) i en dansk seglingsbeskrivning.<\/p>\n\n\n\n<p><strong>1300-talet.&nbsp;<\/strong>\u201dV\u00e4t\u00f6 socken h\u00f6r till de f\u00f6rsamlingar som uppkommit genom utbrytning fr\u00e5n de gamla k\u00e4rnsocknarna i Roden, och dess tillkomst anses ligga under 1300-talets f\u00f6rsta h\u00e4lft, dock efter 1320. Fr\u00e5n b\u00f6rjan torde till V\u00e4t\u00f6 socken ha r\u00e4knats sj\u00e4lva V\u00e4t\u00f6n (`Kyrklandet\u00b4), Bj\u00f6rk\u00f6n \u00e4nda till Gran\u00f6sund, Arholma, Id\u00f6 och Lid\u00f6.\u201d (Kerstin G:son Berg: Redare i Roslagen. 1984)<\/p>\n\n\n\n<p><strong>1409.<\/strong>&nbsp;Bj\u00f6rk\u00f6 omtalas f\u00f6rsta g\u00e5ngen i skrift, d\u00e5 i ett r\u00e4fstetingsprotokoll som&nbsp;<em>Birke thinglagh<\/em>&nbsp;.<\/p>\n\n\n\n<p><strong>1470<\/strong>. Konung Karl Knutsson f\u00f6rordnar att bj\u00f6rk\u00f6borna skall bitr\u00e4da v\u00e4dd\u00f6borna med resandetransporter \u00f6ver havet.<\/p>\n\n\n\n<p><strong>1719<\/strong>. Bj\u00f6rk\u00f6 och Arholma drabbas h\u00e5rt av ryssh\u00e4rjningarna sommaren 1719.<\/p>\n\n\n\n<p><strong>1832.<\/strong>&nbsp;V\u00e4dd\u00f6 kanal \u00e4r f\u00e4rdig.<\/p>\n\n\n\n<p><strong>1858-59.<\/strong>&nbsp;Bj\u00f6rk\u00f6 f\u00e5r landsv\u00e4g tack vare ett skickligt politiskt arbete av Riksdagsman Mats Pehrsson.<\/p>\n\n\n\n<p><strong>Ca 1850-1875<\/strong>. Storhetstid f\u00f6r fartygsbyggande och sj\u00f6fart p\u00e5 Bj\u00f6rk\u00f6 och Arholma. Krimkriget gynnar \u00f6arnas sj\u00f6fart.<\/p>\n\n\n\n<p><strong>1862.<\/strong>&nbsp;V\u00e4t\u00f6 (med Bj\u00f6rk\u00f6-Arholma) blir kommun med kommunalst\u00e4mma och kommunaln\u00e4mnd. De kyrkliga \u00e4rendena och skolv\u00e4sendet behandlas i kyrkst\u00e4mman.<\/p>\n\n\n\n<p><strong>Ca 1880<\/strong>. \u00c5ren kring 1880 drabbas sj\u00f6farten av en mycket djup konjunktursvacka. M\u00e5nga familjer drabbas av konkurs.<\/p>\n\n\n\n<p><strong>1892.<\/strong>&nbsp;Byn Lervik f\u00f6rs fr\u00e5n V\u00e4t\u00f6 socken till V\u00e4dd\u00f6 socken.<\/p>\n\n\n\n<p><strong>1907-1921.<\/strong>&nbsp;Stockholms stad bryter sten i Finnala stenhuggeri.<\/p>\n\n\n\n<p><strong>1914.<\/strong>&nbsp;Bj\u00f6rk\u00f6-Arholma blir en egen f\u00f6rsamling. Redan 1910 hade Bj\u00f6rk\u00f6-Arholma f\u00e5tt en egen komminister, Lennart Tillgren, som allts\u00e5 \u00e4r bj\u00f6rk\u00f6bygdens f\u00f6rste pr\u00e4st.<\/p>\n\n\n\n<p><strong>1918<\/strong>. Bj\u00f6rk\u00f6-Arholma blir en egen kommun.<\/p>\n\n\n\n<p><strong>1952<\/strong>. Den 1 januari ing\u00e5r Bj\u00f6rk\u00f6-Arholma i V\u00e4dd\u00f6 kommun i samband med den s k storkommunreformen. Sista sammantr\u00e4det med Bj\u00f6rk\u00f6-Arholma kommunalst\u00e4mma h\u00e5lls den 16 december 1951.<\/p>\n\n\n\n<p><strong>1959.<\/strong>&nbsp;Den 5 juni startar f\u00e4rjetrafiken mellan Simpn\u00e4s och Mariehamn.<\/p>\n\n\n\n<p><strong>1964<\/strong>. F\u00e4rjetrafiken Simpn\u00e4s-Mariehamn upph\u00f6r.<\/p>\n\n\n\n<p><strong>1971<\/strong>. V\u00e4dd\u00f6 kommun (med Bj\u00f6rk\u00f6-Arholma) g\u00e5r upp i Norrt\u00e4lje kommun.<\/p>\n","protected":false},"excerpt":{"rendered":"<p>Ca 1270. Arholma &nbsp;omtalas f\u00f6rsta g\u00e5ngen (som Arnholm) i en dansk seglingsbeskrivning. 1300-talet.&nbsp;\u201dV\u00e4t\u00f6 socken h\u00f6r till de f\u00f6rsamlingar som uppkommit genom utbrytning fr\u00e5n de gamla k\u00e4rnsocknarna i Roden, och dess tillkomst anses ligga under 1300-talets f\u00f6rsta h\u00e4lft, dock efter 1320. Fr\u00e5n b\u00f6rjan torde till&#8230;<\/p>\n","protected":false},"author":1,"featured_media":0,"parent":0,"menu_order":0,"comment_status":"closed","ping_status":"closed","template":"","meta":{"_monsterinsights_skip_tracking":false,"_monsterinsights_sitenote_active":false,"_monsterinsights_sitenote_note":"","_monsterinsights_sitenote_category":0,"footnotes":""},"class_list":["post-88","page","type-page","status-publish","hentry"],"aioseo_notices":[],"_links":{"self":[{"href":"https:\/\/staging.bjorkoarholma.se\/index.php?rest_route=\/wp\/v2\/pages\/88","targetHints":{"allow":["GET"]}}],"collection":[{"href":"https:\/\/staging.bjorkoarholma.se\/index.php?rest_route=\/wp\/v2\/pages"}],"about":[{"href":"https:\/\/staging.bjorkoarholma.se\/index.php?rest_route=\/wp\/v2\/types\/page"}],"author":[{"embeddable":true,"href":"https:\/\/staging.bjorkoarholma.se\/index.php?rest_route=\/wp\/v2\/users\/1"}],"replies":[{"embeddable":true,"href":"https:\/\/staging.bjorkoarholma.se\/index.php?rest_route=%2Fwp%2Fv2%2Fcomments&post=88"}],"version-history":[{"count":2,"href":"https:\/\/staging.bjorkoarholma.se\/index.php?rest_route=\/wp\/v2\/pages\/88\/revisions"}],"predecessor-version":[{"id":2634,"href":"https:\/\/staging.bjorkoarholma.se\/index.php?rest_route=\/wp\/v2\/pages\/88\/revisions\/2634"}],"wp:attachment":[{"href":"https:\/\/staging.bjorkoarholma.se\/index.php?rest_route=%2Fwp%2Fv2%2Fmedia&parent=88"}],"curies":[{"name":"wp","href":"https:\/\/api.w.org\/{rel}","templated":true}]}}